{"id":15685,"date":"2023-01-21T14:19:03","date_gmt":"2023-01-21T12:19:03","guid":{"rendered":"https:\/\/jachtymazury.pl\/?page_id=15685"},"modified":"2026-02-09T19:43:57","modified_gmt":"2026-02-09T17:43:57","slug":"port","status":"publish","type":"page","link":"https:\/\/jachtymazury.pl\/en\/port\/","title":{"rendered":"Harbour"},"content":{"rendered":"<div  class=\"content_row row vc_row wpb_row  default-style fullwidth\" >\n\t\n\t<div class=\"content_row_wrapper  fullwidth\" >\n\t<div class=\"vc_col-sm-12 wpb_column vc_column_container\" >\n\t<div class=\"vc_column-inner\">\n\t\t<div class=\"wpb_wrapper\" >\n\t\t\t<div class=\"rt_heading_wrapper style-3\">\n\t\t\t\t\t\t<h1 class=\"rt_heading  style-3\" >OUR MARINA \u2013 STANICA WODNA STRANDA<\/h1> \n\t\t\t\t\t<\/div>\n<div  class=\"content_row row vc_row vc_inner vc_row-fluid global-style fullwidth\" >\n\t\n\t<div class=\"content_row_wrapper  fullwidth\" ><div class=\"vc_col-sm-6 wpb_column vc_column_container\" >\n\t<div class=\"vc_column-inner\">\n\t\t<div class=\"wpb_wrapper\" >\n\t\t\t\n\t<div class=\"wpb_text_column wpb_content_element\" >\n\t\t<div class=\"wpb_wrapper\">\n\t\t\t<p>We are based in Gi\u017cycko at the STRANDA harbour located on Tracz Bay, Lake Kisajno.<\/p>\n<p>STRANDA is a modern holiday complex located approx. 2 km from the centre of Gi\u017cycko. The marina is an excellent base in the heart of Masuria. Sailors have access to a waste disposal pump, and there are two water fuel stations within a 2 km radius. At Stranda, we will empty chemical toilets free of charge.<\/p>\n<p>The marina is distinguished by its excellent infrastructure: monitored car park, toilets, showers, laundry room, children's playground.<\/p>\n<p>The tavern serves delicious dishes and the best pizza in the area.<\/p>\n<p>During the holidays, live music provides entertainment.<\/p>\n<p>In the 2022 season, Stranda launched its own brewery.<\/p>\n\n\t\t<\/div>\n\t<\/div>\n\n\n\t\t<\/div>\n\t<\/div>\n\t<\/div>\n\n\t<div class=\"vc_col-sm-6 wpb_column vc_column_container\" >\n\t<div class=\"vc_column-inner\">\n\t\t<div class=\"wpb_wrapper\" >\n\t\t\t\n\t<div  class=\"wpb_single_image wpb_content_element vc_align_center wpb_content_element\">\n\t\t\n\t\t<figure class=\"wpb_wrapper vc_figure\">\n\t\t\t<div class=\"vc_single_image-wrapper   vc_box_border_grey\"><img loading=\"lazy\" decoding=\"async\" width=\"2560\" height=\"1440\" src=\"https:\/\/jachtymazury.pl\/wp-content\/uploads\/port-1-scaled.jpg\" class=\"vc_single_image-img attachment-full\" alt=\"czarter jacht\u00f3w \u017caglowych i czarter houseboat\u00f3w na Mazurach\" title=\"czarter jacht\u00f3w motorowych i czarter houseboat\u00f3w na Mazurach\" srcset=\"https:\/\/jachtymazury.pl\/wp-content\/uploads\/port-1-scaled.jpg 2560w, https:\/\/jachtymazury.pl\/wp-content\/uploads\/port-1-744x419.jpg 744w, https:\/\/jachtymazury.pl\/wp-content\/uploads\/port-1-1200x675.jpg 1200w, https:\/\/jachtymazury.pl\/wp-content\/uploads\/port-1-420x236.jpg 420w, https:\/\/jachtymazury.pl\/wp-content\/uploads\/port-1-768x432.jpg 768w, https:\/\/jachtymazury.pl\/wp-content\/uploads\/port-1-1536x864.jpg 1536w, https:\/\/jachtymazury.pl\/wp-content\/uploads\/port-1-2048x1152.jpg 2048w, https:\/\/jachtymazury.pl\/wp-content\/uploads\/port-1-18x10.jpg 18w\" sizes=\"auto, (max-width: 2560px) 100vw, 2560px\" \/><\/div>\n\t\t<\/figure>\n\t<\/div>\n\n\n\t\t<\/div>\n\t<\/div>\n\t<\/div>\n<\/div>\n<\/div>\n<div class=\"wpb_gmaps_widget wpb_content_element\"><div class=\"wpb_wrapper\"><div class=\"wpb_map_wraper\"><iframe src=\"https:\/\/www.google.com\/maps\/embed?pb=!1m18!1m12!1m3!1d4552.088808294276!2d21.737845289532622!3d54.04292486719956!2m3!1f0!2f0!3f0!3m2!1i1024!2i768!4f13.1!3m3!1m2!1s0x46e188759c3aa21f%3A0x75658d62c0c26e98!2sJachty%20Mazury!5e0!3m2!1sen!2spl!4v1709545013800!5m2!1sen!2spl\" width=\"600\" height=\"450\" style=\"border:0;\" allowfullscreen=\"\" loading=\"lazy\" referrerpolicy=\"no-referrer-when-downgrade\"><\/iframe><\/div><\/div><\/div>\n\t\t<\/div>\n\t<\/div>\n\t<\/div>\n\n<\/div>\n<\/div>","protected":false},"excerpt":{"rendered":"<p>&#8230; <a class=\"more-link\" href=\"https:\/\/jachtymazury.pl\/en\/port\/\">Continue reading<\/a><\/p>","protected":false},"author":1,"featured_media":0,"parent":0,"menu_order":0,"comment_status":"closed","ping_status":"closed","template":"","meta":{"_acf_changed":false,"_seopress_robots_primary_cat":"","_seopress_titles_title":"Nasz Port na Mazurach","_seopress_titles_desc":"Port Stranda w Gi\u017cycku to wygodna baza czarterowa i dobry punkt startowy rejs\u00f3w po Mazurach.","_seopress_robots_index":"","footnotes":""},"class_list":["post-15685","page","type-page","status-publish","hentry"],"acf":[],"_links":{"self":[{"href":"https:\/\/jachtymazury.pl\/en\/wp-json\/wp\/v2\/pages\/15685","targetHints":{"allow":["GET"]}}],"collection":[{"href":"https:\/\/jachtymazury.pl\/en\/wp-json\/wp\/v2\/pages"}],"about":[{"href":"https:\/\/jachtymazury.pl\/en\/wp-json\/wp\/v2\/types\/page"}],"author":[{"embeddable":true,"href":"https:\/\/jachtymazury.pl\/en\/wp-json\/wp\/v2\/users\/1"}],"replies":[{"embeddable":true,"href":"https:\/\/jachtymazury.pl\/en\/wp-json\/wp\/v2\/comments?post=15685"}],"version-history":[{"count":6,"href":"https:\/\/jachtymazury.pl\/en\/wp-json\/wp\/v2\/pages\/15685\/revisions"}],"predecessor-version":[{"id":35958,"href":"https:\/\/jachtymazury.pl\/en\/wp-json\/wp\/v2\/pages\/15685\/revisions\/35958"}],"wp:attachment":[{"href":"https:\/\/jachtymazury.pl\/en\/wp-json\/wp\/v2\/media?parent=15685"}],"curies":[{"name":"wp","href":"https:\/\/api.w.org\/{rel}","templated":true}]}}