{"id":3226,"date":"2017-02-21T21:28:34","date_gmt":"2017-02-21T21:28:34","guid":{"rendered":"http:\/\/jachtymazury.pl\/?page_id=3226"},"modified":"2026-02-27T20:04:14","modified_gmt":"2026-02-27T18:04:14","slug":"czarter-jachtow-motorowych","status":"publish","type":"page","link":"https:\/\/jachtymazury.pl\/en\/czarter-jachtow-motorowych\/","title":{"rendered":"Czarter jacht\u00f3w motorowych"},"content":{"rendered":"<div  class=\"content_row row vc_row wpb_row  default-style fullwidth rt-flex-wrapper min-height-row align-columns column-align-middle rt-flex-wrapper\" style=\"min-height:150px;background-color: #f7f7f7;\">\n\t\n\t<div class=\"content_row_wrapper align-contents content-align-middle fullwidth\" style=\"padding-left:30px;padding-right:30px;\">\n\t<div class=\"vc_col-sm-12 wpb_column vc_column_container default-style custom-min-height shadow\"  data-custom-min-height=\"100\">\n\t<div class=\"vc_column-inner\" style=\"padding-top:20px;min-height:100px;\">\n\t\t<div class=\"wpb_wrapper\" >\n\t\t\t<div class=\"rt_heading_wrapper style-4\">\n\t\t\t\t\t\t<h1 class=\"rt_heading  style-4\" >Czarter jacht\u00f3w motorowych Mazury<\/h1> \n\t\t\t\t\t<\/div>\n\t\t<\/div>\n\t<\/div>\n\t<\/div>\n\n<\/div>\n<\/div>\n\n<div  class=\"content_row row vc_row wpb_row  default-style fullwidth\" >\n\t\n\t<div class=\"content_row_wrapper  fullwidth\" style=\"padding-left:25px;padding-right:25px;\"><div class=\"vc_col-sm-3 wpb_column vc_column_container nopadding\" >\n\t<div class=\"vc_column-inner\">\n\t\t<div class=\"wpb_wrapper\" >\n\t\t\t<article  class=\"image-content-box content-box box-style-1 left\"><div class=\"featured_image_holder\"><a href=\"https:\/\/jachtymazury.pl\/en\/nautic-880\/\" title=\"\" target=\"_self\"><img decoding=\"async\" class=\"img-responsive\" src=\"https:\/\/jachtymazury.pl\/wp-content\/uploads\/nautic880.jpg\" alt=\"Nautic 880\" \/><\/a><\/div><div class=\"text-holder\">\n\t<h3 class=\"heading\" >\n\t\t<a href=\"https:\/\/jachtymazury.pl\/en\/nautic-880\/\" title=\"Nautic 880 Mojito\" target=\"_self\" >\n\t\t\tNautic 880 Mojito\n\t\t<\/a>\n\t<\/h3> <\/div><\/article>\n\t\t<\/div>\n\t<\/div>\n\t<\/div>\n\n\t<div class=\"vc_col-sm-3 wpb_column vc_column_container\" >\n\t<div class=\"vc_column-inner\">\n\t\t<div class=\"wpb_wrapper\" >\n\t\t\t<article  class=\"image-content-box content-box box-style-1 left\"><div class=\"featured_image_holder\"><a href=\"https:\/\/jachtymazury.pl\/en\/nautic-880-cuba-libre\/\" title=\"\" target=\"_self\"><img decoding=\"async\" class=\"img-responsive\" src=\"https:\/\/jachtymazury.pl\/wp-content\/uploads\/nautic-880-rufa.1-1.jpg\" alt=\"nautic 880\" \/><\/a><\/div><div class=\"text-holder\">\n\t<h3 class=\"heading\" >\n\t\t<a href=\"https:\/\/jachtymazury.pl\/en\/nautic-880-cuba-libre\/\" title=\"Nautic 880 Cuba Libre\" target=\"_self\" >\n\t\t\tNautic 880 Cuba Libre\n\t\t<\/a>\n\t<\/h3> <\/div><\/article>\n\t\t<\/div>\n\t<\/div>\n\t<\/div>\n\n\t<div class=\"vc_col-sm-3 wpb_column vc_column_container\" >\n\t<div class=\"vc_column-inner\">\n\t\t<div class=\"wpb_wrapper\" >\n\t\t\t<article  class=\"image-content-box content-box box-style-1 left\"><div class=\"featured_image_holder\"><a href=\"https:\/\/jachtymazury.pl\/en\/nexus-870-revo-wiktor\/\" title=\"\" target=\"_self\"><img decoding=\"async\" class=\"img-responsive\" src=\"https:\/\/jachtymazury.pl\/wp-content\/uploads\/nexus-870-revo-burta.jpg\" alt=\"Nexus 870 Revo\" \/><\/a><\/div><div class=\"text-holder\">\n\t<h3 class=\"heading\" >\n\t\t<a href=\"https:\/\/jachtymazury.pl\/en\/nexus-870-revo-wiktor\/\" title=\"Nexus 870 Revo Wiktor\" target=\"_self\" >\n\t\t\tNexus 870 Revo Wiktor\n\t\t<\/a>\n\t<\/h3> <\/div><\/article>\n\t\t<\/div>\n\t<\/div>\n\t<\/div>\n\n\t<div class=\"vc_col-sm-3 wpb_column vc_column_container\" >\n\t<div class=\"vc_column-inner\">\n\t\t<div class=\"wpb_wrapper\" >\n\t\t\t<article  class=\"image-content-box content-box box-style-1 left\"><div class=\"featured_image_holder\"><a href=\"https:\/\/jachtymazury.pl\/en\/nexus-870-revo-bolek\/\" title=\"\" target=\"_self\"><img decoding=\"async\" class=\"img-responsive\" src=\"https:\/\/jachtymazury.pl\/wp-content\/uploads\/nexus-870-revo-bolek.jpg\" alt=\"Nexus 870 Revo\" \/><\/a><\/div><div class=\"text-holder\">\n\t<h3 class=\"heading\" >\n\t\t<a href=\"https:\/\/jachtymazury.pl\/en\/nexus-870-revo-bolek\/\" title=\"Nexus 870 Revo Bolek\" target=\"_self\" >\n\t\t\tNexus 870 Revo Bolek\n\t\t<\/a>\n\t<\/h3> <\/div><\/article>\n\t\t<\/div>\n\t<\/div>\n\t<\/div>\n<\/div>\n<\/div>\n\n<div  class=\"content_row row vc_row wpb_row  default-style fullwidth\" >\n\t\n\t<div class=\"content_row_wrapper  fullwidth\" style=\"padding-left:25px;padding-right:25px;\"><div class=\"vc_col-sm-3 wpb_column vc_column_container nopadding\" >\n\t<div class=\"vc_column-inner\">\n\t\t<div class=\"wpb_wrapper\" >\n\t\t\t<article  class=\"image-content-box content-box box-style-1 left\"><div class=\"featured_image_holder\"><a href=\"https:\/\/jachtymazury.pl\/en\/futura-860\/\" title=\"\" target=\"_self\"><img decoding=\"async\" class=\"img-responsive\" src=\"https:\/\/jachtymazury.pl\/wp-content\/uploads\/futura860.jpg\" alt=\"Futura 860\" \/><\/a><\/div><div class=\"text-holder\">\n\t<h3 class=\"heading\" >\n\t\t<a href=\"https:\/\/jachtymazury.pl\/en\/futura-860\/\" title=\"Futura 860 Eufemia\" target=\"_self\" >\n\t\t\tFutura 860 Eufemia\n\t\t<\/a>\n\t<\/h3> <\/div><\/article>\n\t\t<\/div>\n\t<\/div>\n\t<\/div>\n\n\t<div class=\"vc_col-sm-3 wpb_column vc_column_container\" >\n\t<div class=\"vc_column-inner\">\n\t\t<div class=\"wpb_wrapper\" >\n\t\t\t<article  class=\"image-content-box content-box box-style-1 left\"><div class=\"featured_image_holder\"><a href=\"https:\/\/jachtymazury.pl\/en\/calipso-750-2\/\" title=\"\" target=\"_self\"><img decoding=\"async\" class=\"img-responsive\" src=\"https:\/\/jachtymazury.pl\/wp-content\/uploads\/calipso-750-4.jpg\" alt=\"Calipso 750\" \/><\/a><\/div><div class=\"text-holder\">\n\t<h3 class=\"heading\" >\n\t\t<a href=\"https:\/\/jachtymazury.pl\/en\/calipso-750-2\/\" title=\"Calipso 750 Fire Cruiser\" target=\"_self\" >\n\t\t\tCalipso 750 Fire Cruiser\n\t\t<\/a>\n\t<\/h3> <\/div><\/article>\n\t\t<\/div>\n\t<\/div>\n\t<\/div>\n\n\t<div class=\"vc_col-sm-3 wpb_column vc_column_container\" >\n\t<div class=\"vc_column-inner\">\n\t\t<div class=\"wpb_wrapper\" >\n\t\t\t<article  class=\"image-content-box content-box box-style-1 left\"><div class=\"featured_image_holder\"><a href=\"https:\/\/jachtymazury.pl\/en\/nautiner-38\/\" title=\"\" target=\"_self\"><img decoding=\"async\" class=\"img-responsive\" src=\"https:\/\/jachtymazury.pl\/wp-content\/uploads\/nautiner-38-burta.jpg\" alt=\"Nautiner 38\" \/><\/a><\/div><div class=\"text-holder\">\n\t<h3 class=\"heading\" >\n\t\t<a href=\"https:\/\/jachtymazury.pl\/en\/nautiner-38\/\" title=\"Nautiner 38 Classic Blask Stilo\" target=\"_self\" >\n\t\t\tNautiner 38 Classic Blask Stilo\n\t\t<\/a>\n\t<\/h3> <\/div><\/article>\n\t\t<\/div>\n\t<\/div>\n\t<\/div>\n\n\t<div class=\"vc_col-sm-3 wpb_column vc_column_container\" >\n\t<div class=\"vc_column-inner\">\n\t\t<div class=\"wpb_wrapper\" >\n\t\t\t\n\t\t<\/div>\n\t<\/div>\n\t<\/div>\n<\/div>\n<\/div>\n\n<div  class=\"content_row row vc_row wpb_row  alt-style-1 fullwidth fixed_heights rt-flex-wrapper rt-flex-wrapper\" >\n\t\n\t<div class=\"content_row_wrapper align-contents content-align-middle default\" ><div class=\"vc_col-sm-8 wpb_column vc_column_container\" >\n\t<div class=\"vc_column-inner\" style=\"padding-top:20px;padding-bottom:20px;\">\n\t\t<div class=\"wpb_wrapper\" >\n\t\t\t<div class=\"rt_heading_wrapper no-style\">\n\t\t\t\t\t\t<h6 class=\"rt_heading  no-style\"  style=\"font-size:24px;line-height:24px;margin-bottom:0px;\">DO YOU HAVE ANY QUESTIONS ABOUT OUR OFFER? <\/h6> \n\t\t\t\t\t<\/div>\n\t\t<\/div>\n\t<\/div>\n\t<\/div>\n\n\t<div class=\"vc_col-sm-4 wpb_column vc_column_container\" >\n\t<div class=\"vc_column-inner\" style=\"padding-top:20px;padding-bottom:20px;\">\n\t\t<div class=\"wpb_wrapper\" >\n\t\t\t<div class=\"button_wrapper align hero\"><a  href=\"https:\/\/jachtymazury.pl\/en\/kontakt\/\" target=\"_blank\" title=\"motor yacht charter, houseboat charter in Masuria\" class=\"button_ bialy style-3 hero\"><span class=\"icon-help-circled\"><\/span>CONTACT US<\/a><\/div>\n\t\t<\/div>\n\t<\/div>\n\t<\/div>\n<\/div>\n<\/div>\n\n<div  class=\"content_row row vc_row wpb_row  default-style fullwidth\" >\n\t\n\t<div class=\"content_row_wrapper  default\" >\n\t<div class=\"vc_col-sm-12 wpb_column vc_column_container\" >\n\t<div class=\"vc_column-inner\">\n\t\t<div class=\"wpb_wrapper\" >\n\t\t\t<div class=\"vc_tta-container\" data-vc-action=\"collapse\"><div class=\"vc_general vc_tta vc_tta-accordion vc_tta-color-grey vc_tta-style-classic vc_tta-shape-rounded vc_tta-o-shape-group vc_tta-controls-align-default\"><div class=\"vc_tta-panels-container\"><div class=\"vc_tta-panels\"><div class=\"vc_tta-panel vc_active\" id=\"1771591111703-9189f605-493b\" data-vc-content=\".vc_tta-panel-body\"><div class=\"vc_tta-panel-heading\"><h4 class=\"vc_tta-panel-title vc_tta-controls-icon-position-left\"><a href=\"#1771591111703-9189f605-493b\" data-vc-accordion data-vc-container=\".vc_tta-container\"><span class=\"vc_tta-title-text\">Dlaczego warto wybra\u0107 jacht motorowy zamiast tradycyjnej formy urlopu ?<\/span><i class=\"vc_tta-controls-icon vc_tta-controls-icon-plus\"><\/i><\/a><\/h4><\/div><div class=\"vc_tta-panel-body\">\n\t<div class=\"wpb_text_column wpb_content_element\" >\n\t\t<div class=\"wpb_wrapper\">\n\t\t\t<p>Rejs pozwala zobaczy\u0107 region z zupe\u0142nie innej perspektywy. Ka\u017cde jezioro odkrywa inne oblicze, a podr\u00f3\u017c po mazurskich jeziorach daje poczucie wolno\u015bci, kt\u00f3rego trudno do\u015bwiadczy\u0107 w hotelu czy pensjonacie. Dla wielu os\u00f3b to idealny spos\u00f3b na aktywny wypoczynek na wodzie i kontakt z natur\u0105, ale bez rezygnacji z wygody.<\/p>\n<p>Nie trzeba by\u0107 zawodowym sternikiem ani posiada\u0107 wieloletniego do\u015bwiadczenia. Wiele jednostek mo\u017cna prowadzi\u0107 nawet bez formalnych uprawnie\u0144, a czarter bez patentu jest dzi\u015b jedn\u0105 z najcz\u0119\u015bciej wybieranych opcji przez turyst\u00f3w.<\/p>\n\n\t\t<\/div>\n\t<\/div>\n<\/div><\/div><div class=\"vc_tta-panel\" id=\"1771591111708-7e2cdc6d-2636\" data-vc-content=\".vc_tta-panel-body\"><div class=\"vc_tta-panel-heading\"><h4 class=\"vc_tta-panel-title vc_tta-controls-icon-position-left\"><a href=\"#1771591111708-7e2cdc6d-2636\" data-vc-accordion data-vc-container=\".vc_tta-container\"><span class=\"vc_tta-title-text\">Czarter bez do\u015bwiadczenia \u2013 jak wygl\u0105da rozpocz\u0119cie rejsu?<\/span><i class=\"vc_tta-controls-icon vc_tta-controls-icon-plus\"><\/i><\/a><\/h4><\/div><div class=\"vc_tta-panel-body\">\n\t<div class=\"wpb_text_column wpb_content_element\" >\n\t\t<div class=\"wpb_wrapper\">\n\t\t\t<p>Wiele os\u00f3b obawia si\u0119 pierwszego rejsu, ale w praktyce wszystko jest prostsze, ni\u017c si\u0119 wydaje. Je\u015bli planujesz wynaj\u0105\u0107 jednostk\u0119, przed wyp\u0142yni\u0119ciem zapewniamy szczeg\u00f3\u0142owe szkolenie z obs\u0142ugi, dzi\u0119ki czemu nawet pocz\u0105tkuj\u0105cy motorowodniak szybko poczuje si\u0119 pewnie na pok\u0142adzie.<\/p>\n<p>Taki start sprawia, \u017ce czarter jachtu motorowego na Mazurach jest dost\u0119pny praktycznie dla ka\u017cdego, kto marzy o w\u0142asnej przygodzie. Wystarczy ch\u0119\u0107 odkrywania nowych miejsc i odrobina ciekawo\u015bci, by rozpocz\u0105\u0107 sw\u00f3j pierwszy rejs po szlaku Wielkich Jezior.<\/p>\n\n\t\t<\/div>\n\t<\/div>\n<\/div><\/div><div class=\"vc_tta-panel\" id=\"1771591176136-047b9295-9df6\" data-vc-content=\".vc_tta-panel-body\"><div class=\"vc_tta-panel-heading\"><h4 class=\"vc_tta-panel-title vc_tta-controls-icon-position-left\"><a href=\"#1771591176136-047b9295-9df6\" data-vc-accordion data-vc-container=\".vc_tta-container\"><span class=\"vc_tta-title-text\">Dlaczego Mazury to jeden z najlepszych region\u00f3w do \u017ceglugi ?<\/span><i class=\"vc_tta-controls-icon vc_tta-controls-icon-plus\"><\/i><\/a><\/h4><\/div><div class=\"vc_tta-panel-body\">\n\t<div class=\"wpb_text_column wpb_content_element\" >\n\t\t<div class=\"wpb_wrapper\">\n\t\t\t<p>Wed\u0142ug danych organizacji turystycznych region Wielkich Jezior Mazurskich oferuje ponad 200 kilometr\u00f3w szlak\u00f3w wodnych oraz setki kilometr\u00f3w linii brzegowej. To sprawia, \u017ce obszar Wielkich Jezior Mazurskich nale\u017cy do najwi\u0119kszych system\u00f3w jeziornych w Europie i jest idealnym miejscem dla turystyki motorowodnej i \u017ceglarskiej.<\/p>\n<p>Rosn\u0105ca popularno\u015b\u0107 czarteru \u0142odzi motorowych oraz <a href=\"https:\/\/jachtymazury.pl\/en\/czarter-jachtow-zaglowych\/\" target=\"_blank\" rel=\"noopener\">jacht\u00f3w \u017caglowych na Mazurach<\/a> wynika r\u00f3wnie\u017c z faktu, \u017ce infrastruktura stale si\u0119 rozwija \u2013 przybywa nowoczesnych marin, punkt\u00f3w serwisowych i miejsc do cumowania. Dla turyst\u00f3w oznacza to wygodniejsze planowanie trasy i wi\u0119ksz\u0105 dost\u0119pno\u015b\u0107 atrakcji na jeziorach mazurskich.<\/p>\n\n\t\t<\/div>\n\t<\/div>\n<\/div><\/div><div class=\"vc_tta-panel\" id=\"1771591192874-7780a487-cccb\" data-vc-content=\".vc_tta-panel-body\"><div class=\"vc_tta-panel-heading\"><h4 class=\"vc_tta-panel-title vc_tta-controls-icon-position-left\"><a href=\"#1771591192874-7780a487-cccb\" data-vc-accordion data-vc-container=\".vc_tta-container\"><span class=\"vc_tta-title-text\">Komfort i swoboda podr\u00f3\u017cowania po Wielkich Jeziorach<\/span><i class=\"vc_tta-controls-icon vc_tta-controls-icon-plus\"><\/i><\/a><\/h4><\/div><div class=\"vc_tta-panel-body\">\n\t<div class=\"wpb_text_column wpb_content_element\" >\n\t\t<div class=\"wpb_wrapper\">\n\t\t\t<p>Podr\u00f3\u017cowanie jachtem to nie tylko przemieszczanie si\u0119 z miejsca na miejsce, ale tak\u017ce wyj\u0105tkowy styl sp\u0119dzania czasu. Na pok\u0142adzie jachtu mo\u017cna zje\u015b\u0107 \u015bniadanie z widokiem na wod\u0119, pop\u0142ywa\u0107 w spokojnej zatoce i zako\u0144czy\u0107 dzie\u0144 przy zachodzie s\u0142o\u0144ca.<\/p>\n<p>Dla wielu os\u00f3b taki wypoczynek to najlepszy mo\u017cliwy pomys\u0142 na sp\u0119dzenie czasu \u2013 bez t\u0142um\u00f3w, ha\u0142asu i sztywnego planu dnia. Mo\u017cliwo\u015b\u0107 wyboru tempa p\u0142ywania, zatrzymywania si\u0119 w dowolnym miejscu i odkrywania mniej znanych zak\u0105tk\u00f3w sprawia, \u017ce ka\u017cdy czarter na Mazurach staje si\u0119 wyj\u0105tkowy.<\/p>\n\n\t\t<\/div>\n\t<\/div>\n<\/div><\/div><div class=\"vc_tta-panel\" id=\"1771591207555-4608ba71-32af\" data-vc-content=\".vc_tta-panel-body\"><div class=\"vc_tta-panel-heading\"><h4 class=\"vc_tta-panel-title vc_tta-controls-icon-position-left\"><a href=\"#1771591207555-4608ba71-32af\" data-vc-accordion data-vc-container=\".vc_tta-container\"><span class=\"vc_tta-title-text\">Wynajem jacht\u00f3w motorowych \u2013 jak wygl\u0105da proces rezerwacji ?<\/span><i class=\"vc_tta-controls-icon vc_tta-controls-icon-plus\"><\/i><\/a><\/h4><\/div><div class=\"vc_tta-panel-body\">\n\t<div class=\"wpb_text_column wpb_content_element\" >\n\t\t<div class=\"wpb_wrapper\">\n\t\t\t<p>Proces jest prosty i przejrzysty. Wystarczy wybra\u0107 termin, dopasowa\u0107 jednostk\u0119 do liczby os\u00f3b w za\u0142odze i dokona\u0107 rezerwacji jacht\u00f3w telefonicznie lub mailowo. Nasza wypo\u017cyczalnia pomaga dobra\u0107 odpowiedni model \u2013 od mniejszych jednostek, po wi\u0119ksze jachty zapewniaj\u0105ce pe\u0142en luksus.<\/p>\n<p>Dla os\u00f3b planuj\u0105cych wynajem \u0142odzi lub wynajem jachtu przygotowujemy szczeg\u00f3\u0142owe informacje dotycz\u0105ce trasy, koszt\u00f3w i przygotowania do podr\u00f3\u017cy. Cz\u0119stym pytaniem jest to, ile kosztuje czarter \u2013 odpowied\u017a zale\u017cy od modelu, sezonu i d\u0142ugo\u015bci pobytu, dlatego zawsze przedstawiamy przejrzyst\u0105 ofert\u0119 dopasowan\u0105 do potrzeb.<\/p>\n\n\t\t<\/div>\n\t<\/div>\n<\/div><\/div><div class=\"vc_tta-panel\" id=\"1771591222970-398a79f4-8a19\" data-vc-content=\".vc_tta-panel-body\"><div class=\"vc_tta-panel-heading\"><h4 class=\"vc_tta-panel-title vc_tta-controls-icon-position-left\"><a href=\"#1771591222970-398a79f4-8a19\" data-vc-accordion data-vc-container=\".vc_tta-container\"><span class=\"vc_tta-title-text\">Czarter jako spos\u00f3b na aktywny wypoczynek i niezapomniane przygody<\/span><i class=\"vc_tta-controls-icon vc_tta-controls-icon-plus\"><\/i><\/a><\/h4><\/div><div class=\"vc_tta-panel-body\">\n\t<div class=\"wpb_text_column wpb_content_element\" >\n\t\t<div class=\"wpb_wrapper\">\n\t\t\t<p>Podr\u00f3\u017c po mazurskich szlakach wodnych to idealne po\u0142\u0105czenie relaksu i aktywno\u015bci. Mo\u017cna \u017ceglowa\u0107, zwiedza\u0107 porty, korzysta\u0107 z atrakcji nadbrze\u017cnych i odkrywa\u0107 nowe miejsca ka\u017cdego dnia. Taki czarter \u0142odzi pozwala zaplanowa\u0107 tras\u0119 dok\u0142adnie tak, jak chcesz \u2013 bez po\u015bpiechu i ogranicze\u0144.<\/p>\n<p>Je\u015bli marzysz o wakacjach pe\u0142nych wodnych przyg\u00f3d, wybierz czarter \u0142odzi motorowych lub czarter jacht\u00f3w motorowych i przekonaj si\u0119, jak wyj\u0105tkowy mo\u017ce by\u0107 urlop na wodzie.<\/p>\n\n\t\t<\/div>\n\t<\/div>\n<\/div><\/div><div class=\"vc_tta-panel\" id=\"1771591239191-c01614fd-ea29\" data-vc-content=\".vc_tta-panel-body\"><div class=\"vc_tta-panel-heading\"><h4 class=\"vc_tta-panel-title vc_tta-controls-icon-position-left\"><a href=\"#1771591239191-c01614fd-ea29\" data-vc-accordion data-vc-container=\".vc_tta-container\"><span class=\"vc_tta-title-text\">Zaplanuj sw\u00f3j rejs ju\u017c dzi\u015b!<\/span><i class=\"vc_tta-controls-icon vc_tta-controls-icon-plus\"><\/i><\/a><\/h4><\/div><div class=\"vc_tta-panel-body\">\n\t<div class=\"wpb_text_column wpb_content_element\" >\n\t\t<div class=\"wpb_wrapper\">\n\t\t\t<p>Mazury to miejsce stworzone do podr\u00f3\u017cowania wod\u0105. Niezale\u017cnie od tego, czy interesuje Ci\u0119 wynajem jachtu motorowego, \u0142odzi na Mazurach czy rejs jednostk\u0105 bez patentu, zesp\u00f3\u0142 jachtymazury.pl pomo\u017ce dobra\u0107 jednostk\u0119 i przygotowa\u0107 wszystko tak, aby\u015b m\u00f3g\u0142 skupi\u0107 si\u0119 wy\u0142\u0105cznie na przyjemno\u015bci z podr\u00f3\u017cy.<\/p>\n<p>Je\u015bli chcesz poczu\u0107 prawdziw\u0105 wolno\u015b\u0107 i zobaczy\u0107 region z innej perspektywy \u2013 wynajmij jacht motorowy, zabierz bliskich i wyrusz w rejs po krainie Wielkich Jezior. Gwarantujemy, \u017ce po pierwszej wyprawie b\u0119dziesz chcia\u0142 wr\u00f3ci\u0107 na Mazury szybciej, ni\u017c zd\u0105\u017cysz rozpakowa\u0107 torb\u0119.<\/p>\n\n\t\t<\/div>\n\t<\/div>\n<\/div><\/div><\/div><\/div><\/div><\/div>\n\t\t<\/div>\n\t<\/div>\n\t<\/div>\n\n<\/div>\n<\/div>","protected":false},"excerpt":{"rendered":"<p>&#8230; <a class=\"more-link\" href=\"https:\/\/jachtymazury.pl\/en\/czarter-jachtow-motorowych\/\">Continue reading<\/a><\/p>","protected":false},"author":1,"featured_media":0,"parent":3118,"menu_order":0,"comment_status":"closed","ping_status":"closed","template":"","meta":{"_acf_changed":false,"_seopress_robots_primary_cat":"","_seopress_titles_title":"Czarter jacht\u00f3w motorowych Mazury - Wypo\u017cyczalnia Mazury","_seopress_titles_desc":"Czarter jacht\u00f3w motorowych Mazury \u2013 wypo\u017cyczalnia nowoczesnych \u0142odzi. Zarezerwuj motor\u00f3wk\u0119 i odkryj Mazury w swoim tempie!","_seopress_robots_index":"","footnotes":""},"class_list":["post-3226","page","type-page","status-publish","hentry"],"acf":[],"_links":{"self":[{"href":"https:\/\/jachtymazury.pl\/en\/wp-json\/wp\/v2\/pages\/3226","targetHints":{"allow":["GET"]}}],"collection":[{"href":"https:\/\/jachtymazury.pl\/en\/wp-json\/wp\/v2\/pages"}],"about":[{"href":"https:\/\/jachtymazury.pl\/en\/wp-json\/wp\/v2\/types\/page"}],"author":[{"embeddable":true,"href":"https:\/\/jachtymazury.pl\/en\/wp-json\/wp\/v2\/users\/1"}],"replies":[{"embeddable":true,"href":"https:\/\/jachtymazury.pl\/en\/wp-json\/wp\/v2\/comments?post=3226"}],"version-history":[{"count":11,"href":"https:\/\/jachtymazury.pl\/en\/wp-json\/wp\/v2\/pages\/3226\/revisions"}],"predecessor-version":[{"id":38909,"href":"https:\/\/jachtymazury.pl\/en\/wp-json\/wp\/v2\/pages\/3226\/revisions\/38909"}],"up":[{"embeddable":true,"href":"https:\/\/jachtymazury.pl\/en\/wp-json\/wp\/v2\/pages\/3118"}],"wp:attachment":[{"href":"https:\/\/jachtymazury.pl\/en\/wp-json\/wp\/v2\/media?parent=3226"}],"curies":[{"name":"wp","href":"https:\/\/api.w.org\/{rel}","templated":true}]}}