{"id":35803,"date":"2026-02-07T14:49:45","date_gmt":"2026-02-07T12:49:45","guid":{"rendered":"https:\/\/jachtymazury.pl\/?page_id=35803"},"modified":"2026-02-27T12:29:33","modified_gmt":"2026-02-27T10:29:33","slug":"antila-33-3","status":"publish","type":"page","link":"https:\/\/jachtymazury.pl\/en\/czarter-jachtow-zaglowych\/antila-33-3\/","title":{"rendered":"Antila 33.3"},"content":{"rendered":"<div  class=\"content_row row vc_row wpb_row  default-style fullwidth\" >\n\t\n\t<div class=\"content_row_wrapper  fullwidth\" ><div class=\"vc_col-sm-3 wpb_column vc_column_container\" >\n\t<div class=\"vc_column-inner\">\n\t\t<div class=\"wpb_wrapper\" >\n\t\t\t<article  class=\"image-content-box content-box box-style-1 left\"><div class=\"featured_image_holder\"><a href=\"https:\/\/jachtymazury.pl\/en\/antila-33-kassari\/\" title=\"\" target=\"_self\"><img decoding=\"async\" class=\"img-responsive\" src=\"https:\/\/jachtymazury.pl\/wp-content\/uploads\/Antila-33-Kassari-messa-1.jpg\" alt=\"Antila 33 wn\u0119trze - mesa\" \/><\/a><\/div><div class=\"text-holder\">\n\t<h3 class=\"heading\" >\n\t\t<a href=\"https:\/\/jachtymazury.pl\/en\/antila-33-kassari\/\" title=\"Antila 33 Kassari\" target=\"_self\" >\n\t\t\tAntila 33 Kassari\n\t\t<\/a>\n\t<\/h3> <h3><\/h3>\n<p>&nbsp;<\/p>\n<\/div><\/article>\n\t\t<\/div>\n\t<\/div>\n\t<\/div>\n\n\t<div class=\"vc_col-sm-3 wpb_column vc_column_container\" >\n\t<div class=\"vc_column-inner\">\n\t\t<div class=\"wpb_wrapper\" >\n\t\t\t<article  class=\"image-content-box content-box box-style-1 left\"><div class=\"featured_image_holder\"><a href=\"https:\/\/jachtymazury.pl\/en\/antila-33-biala-perla\/\" title=\"\" target=\"_self\"><img decoding=\"async\" class=\"img-responsive\" src=\"https:\/\/jachtymazury.pl\/wp-content\/uploads\/antila-33-wnetrze.jpg\" alt=\"Antila 33 wn\u0119trze\" \/><\/a><\/div><div class=\"text-holder\">\n\t<h3 class=\"heading\" >\n\t\t<a href=\"https:\/\/jachtymazury.pl\/en\/antila-33-biala-perla\/\" title=\"Antila 33 Bia\u0142a Per\u0142a\" target=\"_self\" >\n\t\t\tAntila 33 Bia\u0142a Per\u0142a\n\t\t<\/a>\n\t<\/h3> <\/div><\/article>\n\t\t<\/div>\n\t<\/div>\n\t<\/div>\n\n\t<div class=\"vc_col-sm-3 wpb_column vc_column_container\" >\n\t<div class=\"vc_column-inner\">\n\t\t<div class=\"wpb_wrapper\" >\n\t\t\t<article  class=\"image-content-box content-box box-style-1 left\"><div class=\"featured_image_holder\"><a href=\"https:\/\/jachtymazury.pl\/en\/antila-33-3-infinitum\/\" title=\"\" target=\"_self\"><img decoding=\"async\" class=\"img-responsive\" src=\"https:\/\/jachtymazury.pl\/wp-content\/uploads\/antila-33.3-mesa-3.jpg\" alt=\"Antila 33 wn\u0119trze - mesa\" \/><\/a><\/div><div class=\"text-holder\">\n\t<h3 class=\"heading\" >\n\t\t<a href=\"https:\/\/jachtymazury.pl\/en\/antila-33-3-infinitum\/\" title=\"Antila 33.3 Infinitum\" target=\"_self\" >\n\t\t\tAntila 33.3 Infinitum\n\t\t<\/a>\n\t<\/h3> <p><\/p>\n<\/div><\/article>\n\t\t<\/div>\n\t<\/div>\n\t<\/div>\n\n\t<div class=\"vc_col-sm-3 wpb_column vc_column_container\" >\n\t<div class=\"vc_column-inner\">\n\t\t<div class=\"wpb_wrapper\" >\n\t\t\t\n\t\t<\/div>\n\t<\/div>\n\t<\/div>\n<\/div>\n<\/div>\n\n<div  class=\"content_row row vc_row wpb_row  default-style fullwidth\" >\n\t\n\t<div class=\"content_row_wrapper  default\" >\n\t<div class=\"vc_col-sm-12 wpb_column vc_column_container\" >\n\t<div class=\"vc_column-inner\">\n\t\t<div class=\"wpb_wrapper\" >\n\t\t\t<div class=\"rt_heading_wrapper style-3\">\n\t\t\t\t\t\t<h1 class=\"rt_heading  style-3\" >ANTILA 33.3<\/h1> \n\t\t\t\t\t<\/div>\n\t\t<\/div>\n\t<\/div>\n\t<\/div>\n\n<\/div>\n<\/div>\n\n<div  class=\"content_row row vc_row wpb_row  default-style fullwidth\" >\n\t\n\t<div class=\"content_row_wrapper  default\" >\n\t<div class=\"vc_col-sm-12 wpb_column vc_column_container\" >\n\t<div class=\"vc_column-inner\">\n\t\t<div class=\"wpb_wrapper\" >\n\t\t\t\n\t<div class=\"wpb_text_column wpb_content_element\" >\n\t\t<div class=\"wpb_wrapper\">\n\t\t\t<p data-start=\"176\" data-end=\"459\">Antila 33.3 to ulepszona wersj\u0105 popularnej Antila 33 i jedna z najwi\u0119kszych jednostek kabinowych w tym segmencie dost\u0119pnych na Mazurach. Model wyr\u00f3\u017cnia si\u0119 wyd\u0142u\u017con\u0105 lini\u0105 kad\u0142uba, wi\u0119ksz\u0105 przestrzeni\u0105 u\u017cytkow\u0105 oraz dopracowan\u0105 konstrukcj\u0105 wzgl\u0119dem wcze\u015bniejszych wersji.<\/p>\n<p data-start=\"461\" data-end=\"624\">To turystyczny jacht kabinowy zaprojektowany z my\u015bl\u0105 o wygodnym czarterze dla 8 os\u00f3b, z mo\u017cliwo\u015bci\u0105 maksymalnego wykorzystania przestrzeni przy wi\u0119kszej za\u0142odze. Maksymalnie 10 os\u00f3b.<\/p>\n<p data-start=\"626\" data-end=\"756\">Poni\u017cej znajdziesz szczeg\u00f3\u0142owe informacje: Antila 33.3 dane techniczne, wymiary, wn\u0119trze, koje, ilo\u015b\u0107 os\u00f3b oraz orientacyjn\u0105 cen\u0119.<\/p>\n<h2 data-start=\"763\" data-end=\"795\">Antila 33.3 \u2013 dane techniczne<\/h2>\n<p data-start=\"797\" data-end=\"828\">Key model parameters:<\/p>\n<p data-start=\"830\" data-end=\"1462\">\u2022 Pe\u0142na d\u0142ugo\u015b\u0107: 10,79 m<br data-start=\"854\" data-end=\"857\" \/>\u2022 D\u0142ugo\u015b\u0107 kad\u0142uba: 9,60 m<br data-start=\"882\" data-end=\"885\" \/>\u2022 Pe\u0142na szeroko\u015b\u0107: 3,24 m<br data-start=\"910\" data-end=\"913\" \/>\u2022 Zanurzenie bez miecza \/ z mieczem: 0,45 m \/ 1,80 m<br data-start=\"965\" data-end=\"968\" \/>\u2022 Zanurzenie z kilem: 1,85 m \/ 1,60 m<br data-start=\"1005\" data-end=\"1008\" \/>\u2022 Maksymalna wysoko\u015b\u0107 w kabinie: 1,95 m<br data-start=\"1047\" data-end=\"1050\" \/>\u2022 Powierzchnia \u017cagli (fok + grot): 51,2 m\u00b2<br data-start=\"1130\" data-end=\"1133\" \/>\u2022 Balast: 1500 kg<br data-start=\"1207\" data-end=\"1210\" \/>\u2022 Wysoko\u015b\u0107 masztu: 12,75 m<br data-start=\"1281\" data-end=\"1284\" \/>\u2022 Maksymalna liczba za\u0142ogi: 10<br data-start=\"1314\" data-end=\"1317\" \/>\u2022 Liczba miejsc do spania: 6 + 4<\/p>\n<p data-start=\"1464\" data-end=\"1756\">Te parametry sprawiaj\u0105, \u017ce jacht Antila 33.3 jest stabilny i przewidywalny przy silniejszym wietrze. Wi\u0119ksza d\u0142ugo\u015b\u0107 ca\u0142kowita oraz solidny balast przek\u0142adaj\u0105 si\u0119 na spokojne zachowanie jednostki.<\/p>\n<h2 data-start=\"1763\" data-end=\"1809\">Antila 33.3 \u2013 wymiary i przestrze\u0144 u\u017cytkowa<\/h2>\n<p data-start=\"1811\" data-end=\"2007\">Pod wzgl\u0119dem przestrzeni Antila 33.3 oferuje wi\u0119cej miejsca ni\u017c wcze\u015bniejsze modele z tej serii. D\u0142ugo\u015b\u0107 10,79 m oraz szeroko\u015b\u0107 3,24 m. W kabinie \u0142azienkowej wydzielona zosta\u0142a kabina prysznicowa co realnie wp\u0142ywa na komfort mieszkalny.<\/p>\n<p data-start=\"2009\" data-end=\"2196\">Wysoko\u015b\u0107 1,95 m w kabinie zapewnia komfort poruszania si\u0119 r\u00f3wnie\u017c wy\u017cszym osobom. To model, kt\u00f3ry daje wyra\u017ane poczucie wi\u0119kszej przestrzeni ni\u017c Antila 30.<\/p>\n<h2 data-start=\"2203\" data-end=\"2243\">Antila 33.3 \u2013 wn\u0119trze i \u015brodek jachtu<\/h2>\n<p data-start=\"2245\" data-end=\"2348\">Antila 33.3 wn\u0119trze zosta\u0142o zaprojektowane w nowoczesnym stylu.<\/p>\n<p data-start=\"2350\" data-end=\"2385\">W standardowym uk\u0142adzie znajdziemy:<\/p>\n<p data-start=\"2387\" data-end=\"2556\">\u2022 Zamykan\u0105 kabin\u0119 dziobow\u0105<br data-start=\"2413\" data-end=\"2416\" \/>\u2022 Dwie kabiny rufowe<br data-start=\"2436\" data-end=\"2439\" \/>\u2022 Przestronn\u0105 mes\u0119 z dodatkowymi miejscami do spania<br data-start=\"2491\" data-end=\"2494\" \/>\u2022 Aneks kuchenny (kambuz)<br data-start=\"2519\" data-end=\"2522\" \/>\u2022 Oddzieln\u0105 toalet\u0119 z WC morskim oraz kabin\u0119 prysznicow\u0105.<\/p>\n<p data-start=\"2558\" data-end=\"2719\">Antila 33.3 \u015brodek jest dobrze do\u015bwietlony i funkcjonalny.<\/p>\n<h2 data-start=\"2726\" data-end=\"2772\">Antila 33.3 \u2013 koje i ile os\u00f3b na pok\u0142adzie?<\/h2>\n<p data-start=\"2774\" data-end=\"2848\">Jedno z najcz\u0119\u015bciej zadawanych pyta\u0144 brzmi: Antila 33.3 ile os\u00f3b pomie\u015bci?<\/p>\n<p data-start=\"2850\" data-end=\"2922\">\u2022 Maksymalna liczba za\u0142ogi: 10 os\u00f3b<br data-start=\"2885\" data-end=\"2888\" \/>\u2022 Liczba miejsc do spania: 6 + 4<\/p>\n<p data-start=\"2924\" data-end=\"3086\">Realny komfort zapewnia za\u0142oga 8 os\u00f3b. Przy maksymalnej obsadzie 10 os\u00f3b przestrze\u0144 jest w pe\u0142ni wykorzystana, ale nadal funkcjonalna podczas wakacyjnego rejsu.<\/p>\n<h2 data-start=\"3093\" data-end=\"3117\">Antila 33.3 \u2013 czarter<\/h2>\n<p data-start=\"3119\" data-end=\"3256\">Antila 33.3 czarter to wyb\u00f3r dla za\u0142\u00f3g, kt\u00f3re oczekuj\u0105 wi\u0119kszej przestrzeni oraz stabilniejszej konstrukcji ni\u017c w modelach oko\u0142o 30 st\u00f3p.<\/p>\n<p data-start=\"3258\" data-end=\"3476\">Powierzchnia \u017cagli 51,2 m\u00b2 oraz solidny balast 1500 kg zapewniaj\u0105 dobre w\u0142a\u015bciwo\u015bci nautyczne zar\u00f3wno przy umiarkowanym jak i silniejszym wietrze. Silnik stacjonarny o mocy 21 KM oraz dziobowy ster strumieniowy u\u0142atwiaj\u0105 manewrowanie w portach.<\/p>\n<p data-start=\"3478\" data-end=\"3625\">To model wybierany przez osoby, kt\u00f3re chc\u0105 po\u0142\u0105czy\u0107 komfort mieszkalny wi\u0119kszej jednostki, ale nadal w typowo mazurskim, turystycznym charakterze.<\/p>\n<h2 data-start=\"3632\" data-end=\"3653\">Antila 33.3 \u2013 cena<\/h2>\n<p data-start=\"3655\" data-end=\"3760\">Cena czarteru uzale\u017cniona jest od sezonu, standardu wyposa\u017cenia konkretnej jednostki oraz d\u0142ugo\u015bci rejsu.<\/p>\n<p data-start=\"3762\" data-end=\"3916\">W sezonie wysokim stawki s\u0105 wy\u017csze ni\u017c w maju, czerwcu czy wrze\u015bniu. Pe\u0142en cennik jacht\u00f3w Antila 33.3 dost\u0119pnych w ofercie znajduje si\u0119 w zak\u0142adce <a href=\"https:\/\/jachtymazury.pl\/en\/cennik\/\">Cennik.<\/a><\/p>\n<p data-start=\"3918\" data-end=\"3983\">Przy kr\u00f3szych i d\u0142u\u017cszych wynajmach ceny ustalane s\u0105 indywidualnie.<\/p>\n<h2 data-start=\"3990\" data-end=\"4024\">Czy Antila 33.3 to dobry wyb\u00f3r?<\/h2>\n<p data-start=\"4026\" data-end=\"4047\">If you are looking for a yacht:<\/p>\n<p data-start=\"4049\" data-end=\"4207\">\u2022 Nowoczesnego i komfortowego<br data-start=\"4063\" data-end=\"4066\" \/>\u2022 Z trzema zamykanymi kabinami<br data-start=\"4096\" data-end=\"4099\" \/>\u2022 O wi\u0119kszej d\u0142ugo\u015bci i przestrzeni u\u017cytkowej<br data-start=\"4144\" data-end=\"4147\" \/>\u2022 Dla 6-10 os\u00f3b<br data-start=\"4161\" data-end=\"4164\" \/>\u2022 O stabilnych w\u0142a\u015bciwo\u015bciach nautycznych<\/p>\n<p data-start=\"4209\" data-end=\"4263\">Antila 33.3 b\u0119dzie bardzo rozs\u0105dn\u0105 i komfortow\u0105 opcj\u0105.<\/p>\n<p data-start=\"4265\" data-end=\"4420\">To model, kt\u00f3ry \u0142\u0105czy przestrze\u0144, stabilno\u015b\u0107 oraz nowoczesn\u0105 konstrukcj\u0119, dlatego utrzymuje du\u017c\u0105 popularno\u015b\u0107 w\u015br\u00f3d za\u0142\u00f3g czarteruj\u0105cych jachty na Mazurach.<\/p>\n\n\t\t<\/div>\n\t<\/div>\n\n\t\t<\/div>\n\t<\/div>\n\t<\/div>\n\n<\/div>\n<\/div>","protected":false},"excerpt":{"rendered":"<p>&#8230; <a class=\"more-link\" href=\"https:\/\/jachtymazury.pl\/en\/czarter-jachtow-zaglowych\/antila-33-3\/\">Continue reading<\/a><\/p>","protected":false},"author":1,"featured_media":16266,"parent":2800,"menu_order":0,"comment_status":"closed","ping_status":"closed","template":"","meta":{"_acf_changed":false,"_seopress_robots_primary_cat":"","_seopress_titles_title":"Antila 33.3 - dane techniczne, wn\u0119trze, cena","_seopress_titles_desc":"Antila 33.3 \u2013 dane techniczne, wymiary, wn\u0119trze, koje i maksymalna liczba os\u00f3b. Sprawd\u017a parametry modelu oraz dost\u0119pne jednostki.","_seopress_robots_index":"","footnotes":""},"class_list":["post-35803","page","type-page","status-publish","has-post-thumbnail","hentry"],"acf":[],"_links":{"self":[{"href":"https:\/\/jachtymazury.pl\/en\/wp-json\/wp\/v2\/pages\/35803","targetHints":{"allow":["GET"]}}],"collection":[{"href":"https:\/\/jachtymazury.pl\/en\/wp-json\/wp\/v2\/pages"}],"about":[{"href":"https:\/\/jachtymazury.pl\/en\/wp-json\/wp\/v2\/types\/page"}],"author":[{"embeddable":true,"href":"https:\/\/jachtymazury.pl\/en\/wp-json\/wp\/v2\/users\/1"}],"replies":[{"embeddable":true,"href":"https:\/\/jachtymazury.pl\/en\/wp-json\/wp\/v2\/comments?post=35803"}],"version-history":[{"count":6,"href":"https:\/\/jachtymazury.pl\/en\/wp-json\/wp\/v2\/pages\/35803\/revisions"}],"predecessor-version":[{"id":38860,"href":"https:\/\/jachtymazury.pl\/en\/wp-json\/wp\/v2\/pages\/35803\/revisions\/38860"}],"up":[{"embeddable":true,"href":"https:\/\/jachtymazury.pl\/en\/wp-json\/wp\/v2\/pages\/2800"}],"wp:featuredmedia":[{"embeddable":true,"href":"https:\/\/jachtymazury.pl\/en\/wp-json\/wp\/v2\/media\/16266"}],"wp:attachment":[{"href":"https:\/\/jachtymazury.pl\/en\/wp-json\/wp\/v2\/media?parent=35803"}],"curies":[{"name":"wp","href":"https:\/\/api.w.org\/{rel}","templated":true}]}}