{"id":3780,"date":"2017-03-11T13:43:25","date_gmt":"2017-03-11T13:43:25","guid":{"rendered":"http:\/\/jachtymazury.pl\/?page_id=3780"},"modified":"2026-03-05T17:38:32","modified_gmt":"2026-03-05T15:38:32","slug":"polityka-prywatnosci-2","status":"publish","type":"page","link":"https:\/\/jachtymazury.pl\/en\/polityka-prywatnosci\/","title":{"rendered":"Privacy policy"},"content":{"rendered":"<div  class=\"content_row row vc_row wpb_row  default-style fullwidth rt-flex-wrapper min-height-row align-columns column-align-middle rt-flex-wrapper has-custom-margin has-custom-margin\" style=\"min-height:150px;margin-bottom:30px;background-color: #f7f7f7;\">\n\t\n\t<div class=\"content_row_wrapper align-contents content-align-middle default\" >\n\t<div class=\"vc_col-sm-12 wpb_column vc_column_container has-custom-margin nopadding\" style=\"margin-bottom:-20px;\">\n\t<div class=\"vc_column-inner\">\n\t\t<div class=\"wpb_wrapper\" >\n\t\t\t<div class=\"rt_heading_wrapper style-3\">\n\t\t\t\t\t\t<h1 class=\"rt_heading  style-3\" >Polityka prywatno\u015bci i plik\u00f3w cookies<\/h1> \n\t\t\t\t\t<\/div>\n\t\t<\/div>\n\t<\/div>\n\t<\/div>\n\n<\/div>\n<\/div>\n\n<div  class=\"content_row row vc_row wpb_row  default-style fullwidth\" >\n\t\n\t<div class=\"content_row_wrapper  default\" >\n\t<div class=\"vc_col-sm-12 wpb_column vc_column_container\" >\n\t<div class=\"vc_column-inner\">\n\t\t<div class=\"wpb_wrapper\" >\n\t\t\t\n\t<div class=\"wpb_text_column wpb_content_element\" >\n\t\t<div class=\"wpb_wrapper\">\n\t\t\t<h1 data-start=\"348\" data-end=\"370\">Privacy policy<\/h1>\n<h2 data-start=\"372\" data-end=\"395\">I. Informacje og\u00f3lne<\/h2>\n<p data-start=\"397\" data-end=\"556\">Niniejsza polityka prywatno\u015bci okre\u015bla zasady przetwarzania danych osobowych oraz korzystania z plik\u00f3w cookies na stronie internetowej <strong data-start=\"532\" data-end=\"555\"><a class=\"decorated-link\" href=\"https:\/\/jachtymazury.pl\/en\/\" target=\"_new\" rel=\"noopener\" data-start=\"534\" data-end=\"553\">www.jachtymazury.pl<\/a><\/strong>.<\/p>\n<p data-start=\"558\" data-end=\"596\">Administratorem danych osobowych jest:<\/p>\n<p data-start=\"598\" data-end=\"676\"><strong data-start=\"598\" data-end=\"620\">Sebastian Pa\u017cyszek<\/strong><br data-start=\"620\" data-end=\"623\" \/>ul. Rolnicza 56<br data-start=\"638\" data-end=\"641\" \/>11-500 Gi\u017cycko<br data-start=\"655\" data-end=\"658\" \/>NIP: 845-199-56-50<\/p>\n<p data-start=\"678\" data-end=\"780\">Kontakt z administratorem mo\u017cliwy jest pod adresem e-mail:<br data-start=\"736\" data-end=\"739\" \/><strong data-start=\"739\" data-end=\"780\">info@jachtymazury.pl<\/strong><\/p>\n<p data-start=\"782\" data-end=\"864\">Serwis pozyskuje informacje o u\u017cytkownikach i ich zachowaniu w nast\u0119puj\u0105cy spos\u00f3b:<\/p>\n<ul data-start=\"866\" data-end=\"1100\">\n<li data-start=\"866\" data-end=\"919\">\n<p data-start=\"868\" data-end=\"919\">poprzez dobrowolne dane wprowadzone w formularzach,<\/p>\n<\/li>\n<li data-start=\"920\" data-end=\"995\">\n<p data-start=\"922\" data-end=\"995\">poprzez zapisywanie plik\u00f3w cookies w urz\u0105dzeniach ko\u0144cowych u\u017cytkownik\u00f3w,<\/p>\n<\/li>\n<li data-start=\"996\" data-end=\"1100\">\n<p data-start=\"998\" data-end=\"1100\">poprzez zapisywanie technicznych informacji o po\u0142\u0105czeniu (adres IP, data i godzina, typ przegl\u0105darki).<\/p>\n<\/li>\n<\/ul>\n<hr data-start=\"1102\" data-end=\"1105\" \/>\n<h2 data-start=\"1107\" data-end=\"1138\">II. Informacje w formularzach<\/h2>\n<p data-start=\"1140\" data-end=\"1256\">Dane wprowadzone przez u\u017cytkownika w formularzu kontaktowym s\u0105 podawane dobrowolnie i przetwarzane wy\u0142\u0105cznie w celu:<\/p>\n<ul data-start=\"1258\" data-end=\"1352\">\n<li data-start=\"1258\" data-end=\"1284\">\n<p data-start=\"1260\" data-end=\"1284\">odpowiedzi na zapytanie,<\/p>\n<\/li>\n<li data-start=\"1285\" data-end=\"1319\">\n<p data-start=\"1287\" data-end=\"1319\">przedstawienia oferty handlowej,<\/p>\n<\/li>\n<li data-start=\"1320\" data-end=\"1352\">\n<p data-start=\"1322\" data-end=\"1352\">ewentualnie rezerwacji us\u0142ugi.<\/p>\n<\/li>\n<\/ul>\n<p data-start=\"1354\" data-end=\"1396\">Podstaw\u0105 prawn\u0105 przetwarzania danych jest:<\/p>\n<ul data-start=\"1398\" data-end=\"1629\">\n<li data-start=\"1398\" data-end=\"1490\">\n<p data-start=\"1400\" data-end=\"1490\"><strong data-start=\"1400\" data-end=\"1429\">art. 6 ust. 1 lit. b RODO<\/strong> \u2013 wykonanie umowy lub dzia\u0142ania zmierzaj\u0105ce do jej zawarcia,<\/p>\n<\/li>\n<li data-start=\"1491\" data-end=\"1629\">\n<p data-start=\"1493\" data-end=\"1629\"><strong data-start=\"1493\" data-end=\"1522\">art. 6 ust. 1 lit. f RODO<\/strong> \u2013 prawnie uzasadniony interes administratora polegaj\u0105cy na obs\u0142udze zapyta\u0144 i komunikacji z u\u017cytkownikami.<\/p>\n<\/li>\n<\/ul>\n<p data-start=\"1631\" data-end=\"1840\">Dane osobowe nie s\u0105 udost\u0119pniane osobom trzecim bez wyra\u017anej zgody u\u017cytkownika, chyba \u017ce jest to wymagane przepisami prawa lub wynika z technicznej obs\u0142ugi strony (np. hosting, operator poczty elektronicznej).<\/p>\n<p data-start=\"1842\" data-end=\"2014\">Dane mog\u0105 by\u0107 przechowywane maksymalnie przez <strong>24 miesi\u0105ce od zako\u0144czenia kontaktu<\/strong>, chyba \u017ce zaistnieje inna podstawa do ich dalszego przetwarzania (np. zawarcie umowy).<\/p>\n<p data-start=\"2016\" data-end=\"2039\">U\u017cytkownik ma prawo do:<\/p>\n<ul data-start=\"2041\" data-end=\"2291\">\n<li data-start=\"2041\" data-end=\"2068\">\n<p data-start=\"2043\" data-end=\"2068\">dost\u0119pu do swoich danych,<\/p>\n<\/li>\n<li data-start=\"2069\" data-end=\"2091\">\n<p data-start=\"2071\" data-end=\"2091\">sprostowania danych,<\/p>\n<\/li>\n<li data-start=\"2092\" data-end=\"2111\">\n<p data-start=\"2094\" data-end=\"2111\">usuni\u0119cia danych,<\/p>\n<\/li>\n<li data-start=\"2112\" data-end=\"2141\">\n<p data-start=\"2114\" data-end=\"2141\">ograniczenia przetwarzania,<\/p>\n<\/li>\n<li data-start=\"2142\" data-end=\"2165\">\n<p data-start=\"2144\" data-end=\"2165\">przeniesienia danych,<\/p>\n<\/li>\n<li data-start=\"2166\" data-end=\"2216\">\n<p data-start=\"2168\" data-end=\"2216\">wniesienia sprzeciwu wobec przetwarzania danych,<\/p>\n<\/li>\n<li data-start=\"2217\" data-end=\"2291\">\n<p data-start=\"2219\" data-end=\"2291\">wniesienia skargi do <strong data-start=\"2240\" data-end=\"2290\">Prezesa Urz\u0119du Ochrony Danych Osobowych (UODO)<\/strong>.<\/p>\n<\/li>\n<\/ul>\n<hr data-start=\"2293\" data-end=\"2296\" \/>\n<h2 data-start=\"2298\" data-end=\"2333\">III. Informacja o plikach cookies<\/h2>\n<p data-start=\"2335\" data-end=\"2486\">Serwis wykorzystuje pliki cookies, kt\u00f3re s\u0105 zapisywane na urz\u0105dzeniu ko\u0144cowym u\u017cytkownika i umo\u017cliwiaj\u0105 prawid\u0142owe dzia\u0142anie strony oraz analiz\u0119 ruchu.<\/p>\n<p data-start=\"2488\" data-end=\"2545\">Cookies s\u0105 ma\u0142ymi plikami tekstowymi zawieraj\u0105cymi m.in.:<\/p>\n<ul data-start=\"2547\" data-end=\"2611\">\n<li data-start=\"2547\" data-end=\"2562\">\n<p data-start=\"2549\" data-end=\"2562\">nazw\u0119 strony,<\/p>\n<\/li>\n<li data-start=\"2563\" data-end=\"2585\">\n<p data-start=\"2565\" data-end=\"2585\">czas przechowywania,<\/p>\n<\/li>\n<li data-start=\"2586\" data-end=\"2611\">\n<p data-start=\"2588\" data-end=\"2611\">unikalny identyfikator.<\/p>\n<\/li>\n<\/ul>\n<p data-start=\"2613\" data-end=\"2729\">Podmiotem umieszczaj\u0105cym pliki cookies na urz\u0105dzeniu u\u017cytkownika i uzyskuj\u0105cym do nich dost\u0119p jest operator serwisu.<\/p>\n<p data-start=\"2731\" data-end=\"2786\">Pliki cookies wykorzystywane s\u0105 w nast\u0119puj\u0105cych celach:<\/p>\n<ul data-start=\"2788\" data-end=\"3026\">\n<li data-start=\"2788\" data-end=\"2820\">\n<p data-start=\"2790\" data-end=\"2820\">prawid\u0142owego dzia\u0142ania strony,<\/p>\n<\/li>\n<li data-start=\"2821\" data-end=\"2866\">\n<p data-start=\"2823\" data-end=\"2866\">tworzenia statystyk (np. Google Analytics),<\/p>\n<\/li>\n<li data-start=\"2867\" data-end=\"2927\">\n<p data-start=\"2869\" data-end=\"2927\">dostosowania zawarto\u015bci strony do preferencji u\u017cytkownika,<\/p>\n<\/li>\n<li data-start=\"2928\" data-end=\"3026\">\n<p data-start=\"2930\" data-end=\"3026\">marketingowych \u2013 wy\u015bwietlania reklam dopasowanych do zainteresowa\u0144 u\u017cytkownika (np. Google Ads).<\/p>\n<\/li>\n<\/ul>\n<p data-start=\"3028\" data-end=\"3064\">W ramach serwisu mog\u0105 by\u0107 stosowane:<\/p>\n<ul data-start=\"3066\" data-end=\"3260\">\n<li data-start=\"3066\" data-end=\"3125\">\n<p data-start=\"3068\" data-end=\"3125\"><strong data-start=\"3068\" data-end=\"3087\">cookies sesyjne<\/strong> \u2013 usuwane po zamkni\u0119ciu przegl\u0105darki,<\/p>\n<\/li>\n<li data-start=\"3126\" data-end=\"3183\">\n<p data-start=\"3128\" data-end=\"3183\"><strong data-start=\"3128\" data-end=\"3145\">cookies sta\u0142e<\/strong> \u2013 przechowywane przez okre\u015blony czas,<\/p>\n<\/li>\n<li data-start=\"3184\" data-end=\"3260\">\n<p data-start=\"3186\" data-end=\"3260\"><strong data-start=\"3186\" data-end=\"3208\">cookies zewn\u0119trzne<\/strong> \u2013 np. Google lub Meta\/Facebook (je\u017celi s\u0105 u\u017cywane).<\/p>\n<\/li>\n<\/ul>\n<p data-start=\"3262\" data-end=\"3415\">Pliki cookies wykorzystywane w celach analitycznych lub marketingowych s\u0105 instalowane <strong data-start=\"3348\" data-end=\"3414\">wy\u0142\u0105cznie po uzyskaniu zgody u\u017cytkownika poprzez baner cookies<\/strong>.<\/p>\n<p data-start=\"3417\" data-end=\"3520\">U\u017cytkownik mo\u017ce w ka\u017cdej chwili zmieni\u0107 ustawienia swojej przegl\u0105darki dotycz\u0105ce cookies lub je usun\u0105\u0107.<\/p>\n<hr data-start=\"3522\" data-end=\"3525\" \/>\n<h2 data-start=\"3527\" data-end=\"3553\">IV. Udost\u0119pnianie danych<\/h2>\n<p data-start=\"3555\" data-end=\"3693\">Dane osobowe u\u017cytkownik\u00f3w mog\u0105 by\u0107 udost\u0119pnione podmiotom trzecim wy\u0142\u0105cznie w zakresie dopuszczalnym przez prawo lub za zgod\u0105 u\u017cytkownika.<\/p>\n<p data-start=\"3695\" data-end=\"3778\">Dane mog\u0105 by\u0107 przekazywane podmiotom wspieraj\u0105cym funkcjonowanie strony, takim jak:<\/p>\n<ul data-start=\"3780\" data-end=\"3902\">\n<li data-start=\"3780\" data-end=\"3810\">\n<p data-start=\"3782\" data-end=\"3810\">dostawcy us\u0142ug hostingowych,<\/p>\n<\/li>\n<li data-start=\"3811\" data-end=\"3831\">\n<p data-start=\"3813\" data-end=\"3831\">dostawcy us\u0142ug IT,<\/p>\n<\/li>\n<li data-start=\"3832\" data-end=\"3867\">\n<p data-start=\"3834\" data-end=\"3867\">operatorzy poczty elektronicznej,<\/p>\n<\/li>\n<li data-start=\"3868\" data-end=\"3902\">\n<p data-start=\"3870\" data-end=\"3902\">dostawcy narz\u0119dzi analitycznych.<\/p>\n<\/li>\n<\/ul>\n<p data-start=\"3904\" data-end=\"4061\">Administrator mo\u017ce mie\u0107 obowi\u0105zek udost\u0119pnienia danych na \u017c\u0105danie uprawnionych organ\u00f3w publicznych \u2013 w zakresie wynikaj\u0105cym z obowi\u0105zuj\u0105cych przepis\u00f3w prawa.<\/p>\n<hr data-start=\"4063\" data-end=\"4066\" \/>\n<h2 data-start=\"4068\" data-end=\"4128\">V. Przekazywanie danych poza Europejski Obszar Gospodarczy<\/h2>\n<p data-start=\"4130\" data-end=\"4349\">W zwi\u0105zku z korzystaniem z narz\u0119dzi analitycznych i marketingowych dostarczanych przez firmy takie jak <strong data-start=\"4233\" data-end=\"4247\">Google LLC<\/strong>, dane u\u017cytkownik\u00f3w mog\u0105 by\u0107 przekazywane do pa\u0144stw trzecich, w szczeg\u00f3lno\u015bci do Stan\u00f3w Zjednoczonych.<\/p>\n<p data-start=\"4351\" data-end=\"4469\">Transfer danych odbywa si\u0119 na podstawie mechanizm\u00f3w zgodnych z RODO, takich jak <strong data-start=\"4431\" data-end=\"4468\">standardowe klauzule umowne (SCC)<\/strong>.<\/p>\n<hr data-start=\"4471\" data-end=\"4474\" \/>\n<h2 data-start=\"4476\" data-end=\"4503\">VI. Bezpiecze\u0144stwo danych<\/h2>\n<p data-start=\"4505\" data-end=\"4684\">Administrator stosuje odpowiednie \u015brodki techniczne i organizacyjne zapewniaj\u0105ce ochron\u0119 przetwarzanych danych osobowych przed ich utrat\u0105, nieuprawnionym dost\u0119pem lub ujawnieniem.<\/p>\n<hr data-start=\"4686\" data-end=\"4689\" \/>\n<h2 data-start=\"4691\" data-end=\"4725\">VII. Zarz\u0105dzanie plikami cookies<\/h2>\n<p data-start=\"4727\" data-end=\"4839\">U\u017cytkownik mo\u017ce samodzielnie zarz\u0105dza\u0107 plikami cookies poprzez zmian\u0119 ustawie\u0144 swojej przegl\u0105darki internetowej.<\/p>\n<p data-start=\"4841\" data-end=\"4967\">Ograniczenie stosowania cookies mo\u017ce wp\u0142yn\u0105\u0107 na dzia\u0142anie niekt\u00f3rych funkcji serwisu, w szczeg\u00f3lno\u015bci formularzy kontaktowych.<\/p>\n<p data-start=\"4969\" data-end=\"5068\">Szczeg\u00f3\u0142owe informacje o zarz\u0105dzaniu cookies znajduj\u0105 si\u0119 w dokumentacji przegl\u0105darki internetowej.<\/p>\n<hr data-start=\"5070\" data-end=\"5073\" \/>\n<h2 data-start=\"5075\" data-end=\"5116\">VIII. Aktualizacja polityki prywatno\u015bci<\/h2>\n<p data-start=\"5118\" data-end=\"5280\">Administrator zastrzega sobie prawo do wprowadzania zmian w niniejszej Polityce Prywatno\u015bci w przypadku zmian przepis\u00f3w prawa lub rozwoju funkcjonalno\u015bci serwisu.<\/p>\n<p data-start=\"5282\" data-end=\"5337\">Nowa wersja polityki b\u0119dzie publikowana na tej stronie.<\/p>\n\n\t\t<\/div>\n\t<\/div>\n\n\t\t<\/div>\n\t<\/div>\n\t<\/div>\n\n<\/div>\n<\/div>","protected":false},"excerpt":{"rendered":"<p>&#8230; <a class=\"more-link\" href=\"https:\/\/jachtymazury.pl\/en\/polityka-prywatnosci\/\">Continue reading<\/a><\/p>","protected":false},"author":1,"featured_media":0,"parent":0,"menu_order":0,"comment_status":"closed","ping_status":"closed","template":"","meta":{"_acf_changed":false,"_seopress_robots_primary_cat":"","_seopress_titles_title":"","_seopress_titles_desc":"","_seopress_robots_index":"","footnotes":""},"class_list":["post-3780","page","type-page","status-publish","hentry"],"acf":[],"_links":{"self":[{"href":"https:\/\/jachtymazury.pl\/en\/wp-json\/wp\/v2\/pages\/3780","targetHints":{"allow":["GET"]}}],"collection":[{"href":"https:\/\/jachtymazury.pl\/en\/wp-json\/wp\/v2\/pages"}],"about":[{"href":"https:\/\/jachtymazury.pl\/en\/wp-json\/wp\/v2\/types\/page"}],"author":[{"embeddable":true,"href":"https:\/\/jachtymazury.pl\/en\/wp-json\/wp\/v2\/users\/1"}],"replies":[{"embeddable":true,"href":"https:\/\/jachtymazury.pl\/en\/wp-json\/wp\/v2\/comments?post=3780"}],"version-history":[{"count":9,"href":"https:\/\/jachtymazury.pl\/en\/wp-json\/wp\/v2\/pages\/3780\/revisions"}],"predecessor-version":[{"id":40120,"href":"https:\/\/jachtymazury.pl\/en\/wp-json\/wp\/v2\/pages\/3780\/revisions\/40120"}],"wp:attachment":[{"href":"https:\/\/jachtymazury.pl\/en\/wp-json\/wp\/v2\/media?parent=3780"}],"curies":[{"name":"wp","href":"https:\/\/api.w.org\/{rel}","templated":true}]}}