{"id":38849,"date":"2026-02-27T12:57:07","date_gmt":"2026-02-27T10:57:07","guid":{"rendered":"https:\/\/jachtymazury.pl\/?page_id=38849"},"modified":"2026-02-27T12:57:07","modified_gmt":"2026-02-27T10:57:07","slug":"maxus-24-evo","status":"publish","type":"page","link":"https:\/\/jachtymazury.pl\/en\/czarter-jachtow-zaglowych\/maxus-24-evo\/","title":{"rendered":"Maxus 24 Evo"},"content":{"rendered":"<div  class=\"content_row row vc_row wpb_row  default-style fullwidth\" >\n\t\n\t<div class=\"content_row_wrapper  fullwidth\" ><div class=\"vc_col-sm-3 wpb_column vc_column_container\" >\n\t<div class=\"vc_column-inner\">\n\t\t<div class=\"wpb_wrapper\" >\n\t\t\t<article  class=\"image-content-box content-box box-style-1 left\"><div class=\"featured_image_holder\"><a href=\"https:\/\/jachtymazury.pl\/en\/maxus-24-evo\/\" title=\"\" target=\"_self\"><img decoding=\"async\" class=\"img-responsive\" src=\"https:\/\/jachtymazury.pl\/wp-content\/uploads\/maxus-24-evo-burta.jpg\" alt=\"Maxus 24 Evo\" \/><\/a><\/div><div class=\"text-holder\">\n\t<h3 class=\"heading\" >\n\t\t<a href=\"https:\/\/jachtymazury.pl\/en\/maxus-24-evo\/\" title=\"Maxus 24 Evo W\u0105ski\" target=\"_self\" >\n\t\t\tMaxus 24 Evo W\u0105ski\n\t\t<\/a>\n\t<\/h3> <\/div><\/article>\n\t\t<\/div>\n\t<\/div>\n\t<\/div>\n\n\t<div class=\"vc_col-sm-3 wpb_column vc_column_container\" >\n\t<div class=\"vc_column-inner\">\n\t\t<div class=\"wpb_wrapper\" >\n\t\t\t\n\t\t<\/div>\n\t<\/div>\n\t<\/div>\n\n\t<div class=\"vc_col-sm-3 wpb_column vc_column_container\" >\n\t<div class=\"vc_column-inner\">\n\t\t<div class=\"wpb_wrapper\" >\n\t\t\t\n\t\t<\/div>\n\t<\/div>\n\t<\/div>\n\n\t<div class=\"vc_col-sm-3 wpb_column vc_column_container\" >\n\t<div class=\"vc_column-inner\">\n\t\t<div class=\"wpb_wrapper\" >\n\t\t\t\n\t\t<\/div>\n\t<\/div>\n\t<\/div>\n<\/div>\n<\/div>\n\n<div  class=\"content_row row vc_row wpb_row  default-style fullwidth\" >\n\t\n\t<div class=\"content_row_wrapper  default\" >\n\t<div class=\"vc_col-sm-12 wpb_column vc_column_container\" >\n\t<div class=\"vc_column-inner\">\n\t\t<div class=\"wpb_wrapper\" >\n\t\t\t<div class=\"rt_heading_wrapper style-3\">\n\t\t\t\t\t\t<h1 class=\"rt_heading  style-3\" >MAXUS 24 EVO<\/h1> \n\t\t\t\t\t<\/div>\n\t\t<\/div>\n\t<\/div>\n\t<\/div>\n\n<\/div>\n<\/div>\n\n<div  class=\"content_row row vc_row wpb_row  default-style fullwidth\" >\n\t\n\t<div class=\"content_row_wrapper  default\" >\n\t<div class=\"vc_col-sm-12 wpb_column vc_column_container\" >\n\t<div class=\"vc_column-inner\">\n\t\t<div class=\"wpb_wrapper\" >\n\t\t\t\n\t<div class=\"wpb_text_column wpb_content_element\" >\n\t\t<div class=\"wpb_wrapper\">\n\t\t\t<p data-start=\"147\" data-end=\"448\">Maxus 24 EVO to jeden z najpopularniejszych jacht\u00f3w kabinowych w segmencie 24 st\u00f3p. Model \u0142\u0105czy bardzo dobre w\u0142a\u015bciwo\u015bci nautyczne z funkcjonalnym wn\u0119trzem i kompaktowymi wymiarami. To jednostka turystyczna z wyra\u017anym sportowym charakterem.<\/p>\n<p data-start=\"450\" data-end=\"581\">Poni\u017cej znajdziesz szczeg\u00f3\u0142owe informacje: <strong>Maxus 24 EVO dane techniczne, wymiary, wn\u0119trze, koje, ilo\u015b\u0107 os\u00f3b oraz orientacyjn\u0105 cen\u0119.<\/strong><\/p>\n<h2 data-start=\"588\" data-end=\"621\">Maxus 24 EVO &#8211; dane techniczne<\/h2>\n<p data-start=\"623\" data-end=\"654\">Key model parameters:<\/p>\n<p data-start=\"656\" data-end=\"1018\">\u2022 D\u0142ugo\u015b\u0107 ca\u0142kowita: ok. 8,25 m<br data-start=\"687\" data-end=\"690\" \/>\u2022 D\u0142ugo\u015b\u0107 kad\u0142uba: ok. 7,30 m<br data-start=\"719\" data-end=\"722\" \/>\u2022 Szeroko\u015b\u0107: 2,55 m<br data-start=\"741\" data-end=\"744\" \/>\u2022 Zanurzenie: 0,32 m (miecz podniesiony) \/ 1,35 m (miecz opuszczony)<br data-start=\"812\" data-end=\"815\" \/>\u2022 Wysoko\u015b\u0107 w kabinie: 1,88 m<br data-start=\"852\" data-end=\"855\" \/>\u2022 Powierzchnia o\u017caglowania: ok. 30 m\u00b2<br data-start=\"892\" data-end=\"895\" \/>\u2022 Wysoko\u015b\u0107 masztu: 9,5 m<br data-start=\"944\" data-end=\"947\" \/>\u2022 Liczba koi: 6 + 2<br data-start=\"966\" data-end=\"969\" \/>\u2022 Masa: ok. 2100 kg<\/p>\n<p data-start=\"1020\" data-end=\"1206\">Te dane techniczne sprawiaj\u0105, \u017ce jacht Maxus 24 EVO jest stabilny i przewidywalny nawet przy silniejszym wietrze. Jednostka dobrze reaguje na ster i zachowuje dobr\u0105 kontrol\u0119 pod \u017caglami.<\/p>\n<h2 data-start=\"1213\" data-end=\"1260\">Maxus 24 EVO &#8211; wymiary i przestrze\u0144 u\u017cytkowa<\/h2>\n<p data-start=\"1262\" data-end=\"1431\">Pod wzgl\u0119dem proporcji Maxus 24 EVO wymiary ma bardzo dobrze zoptymalizowane. Szeroki kad\u0142ub zapewnia wygodn\u0105 przestrze\u0144 w mesie oraz komfortowy kokpit dla ca\u0142ej za\u0142ogi.<\/p>\n<p data-start=\"1433\" data-end=\"1628\">Dzi\u0119ki szeroko\u015bci 2,55 m jacht oferuje odczuwalny komfort w \u015brodku, mimo \u017ce d\u0142ugo\u015b\u0107 nie przekracza 7,5 metra. Stosunkowo niewielkie zanurzenie umo\u017cliwia bezpieczne p\u0142ywanie po p\u0142ytszych akwenach.<\/p>\n<h2 data-start=\"1635\" data-end=\"1676\">Maxus 24 EVO &#8211; wn\u0119trze i \u015brodek jachtu<\/h2>\n<p data-start=\"1678\" data-end=\"1790\">Maxus 24 EVO wn\u0119trze zosta\u0142o zaprojektowane z my\u015bl\u0105 o kilkuosobowej za\u0142odze. W standardowym uk\u0142adzie znajdziemy:<\/p>\n<p data-start=\"1792\" data-end=\"1996\">\u2022 kabin\u0119 dziobow\u0105 z dwuosobow\u0105 koj\u0105,<br data-start=\"1828\" data-end=\"1831\" \/>\u2022 kabin\u0119 rufow\u0105 z miejscem do spania dla dw\u00f3ch os\u00f3b,<br data-start=\"1883\" data-end=\"1886\" \/>\u2022 mes\u0119 z rozk\u0142adanym sto\u0142em i miejscami do spania,<br data-start=\"1936\" data-end=\"1939\" \/>\u2022 aneks kuchenny (kambuz),<br data-start=\"1965\" data-end=\"1968\" \/>\u2022 toalet\u0119 z WC chemicznym,<\/p>\n<p data-start=\"1998\" data-end=\"2239\">Maxus 24 EVO \u015brodek jest jasny i funkcjonalny. Wysoko\u015b\u0107 w kabinie do 1,88 m pozwala wi\u0119kszo\u015bci doros\u0142ych os\u00f3b swobodnie funkcjonowa\u0107 podczas postoju. Uk\u0142ad wn\u0119trza umo\u017cliwia komfortowe u\u017cytkowanie.<\/p>\n<h2 data-start=\"2246\" data-end=\"2293\">Maxus 24 EVO &#8211; koje i ile os\u00f3b na pok\u0142adzie?<\/h2>\n<p data-start=\"2295\" data-end=\"2370\">Jedno z najcz\u0119\u015bciej zadawanych pyta\u0144 brzmi: Maxus 24 EVO ile os\u00f3b pomie\u015bci?<\/p>\n<p data-start=\"2372\" data-end=\"2492\">Standardowo jacht oferuje maksymalnie 6 sta\u0142ych miejsc do spania z mo\u017cliwo\u015bci\u0105 zwi\u0119kszenia do 8 przy wykorzystaniu mesy.<\/p>\n<p data-start=\"2494\" data-end=\"2513\">Berths arrangement:<\/p>\n<p data-start=\"2515\" data-end=\"2601\">\u2022 2 koje w kabinie dziobowej,<br data-start=\"2544\" data-end=\"2547\" \/>\u2022 2 koje w kabinie rufowej,<br data-start=\"2574\" data-end=\"2577\" \/>\u2022 2\u20134 miejsca w mesie,<\/p>\n<p data-start=\"2603\" data-end=\"2749\">Realny komfort zapewnia za\u0142oga 4-6 os\u00f3b. Przy maksymalnej obsadzie przestrze\u0144 jest wykorzystana w pe\u0142ni, ale nadal funkcjonalna na wakacyjny rejs.<\/p>\n<h2 data-start=\"2756\" data-end=\"2781\">Maxus 24 EVO &#8211; czarter<\/h2>\n<p data-start=\"2783\" data-end=\"2946\">Maxus 24 EVO czarter to bardzo popularny wyb\u00f3r na Mazurach. Jacht sprawdza si\u0119 zar\u00f3wno podczas kr\u00f3tkich weekendowych wypad\u00f3w, jak i tygodniowych rejs\u00f3w rodzinnych.<\/p>\n<p data-start=\"2948\" data-end=\"3092\">To model stabilny, bezpieczny i jednocze\u015bnie dynamiczny pod \u017caglami. Dzi\u0119ki kompaktowym wymiarom jest stosunkowo \u0142atwy w manewrowaniu w portach.<\/p>\n<h2 data-start=\"3099\" data-end=\"3121\">Maxus 24 EVO &#8211; cena<\/h2>\n<p data-start=\"3123\" data-end=\"3204\">The charter price depends on the season, the standard of equipment and the length of the cruise.<\/p>\n<p data-start=\"3206\" data-end=\"3502\">W sezonie wysokim stawki s\u0105 wyra\u017anie wy\u017csze ni\u017c w maju, czerwcu czy wrze\u015bniu. Pe\u0142en cennik jacht\u00f3w Maxus 24 EVO dost\u0119pnych w naszej flocie znajduje si\u0119 w zak\u0142adce cennik. Kwoty obowi\u0105zuj\u0105 przy czarterze tygodniowym, natomiast przy kr\u00f3tszych lub d\u0142u\u017cszych wynajmach ceny ustalane s\u0105 indywidualnie.<\/p>\n<h2 data-start=\"3509\" data-end=\"3544\">Czy Maxus 24 EVO to dobry wyb\u00f3r?<\/h2>\n<p data-start=\"3546\" data-end=\"3567\">If you are looking for a yacht:<\/p>\n<p data-start=\"3569\" data-end=\"3698\">\u2022 stabilnego,<br data-start=\"3582\" data-end=\"3585\" \/>\u2022 dynamicznego pod \u017caglami,<br data-start=\"3612\" data-end=\"3615\" \/>\u2022 wygodnego dla rodziny,<br data-start=\"3639\" data-end=\"3642\" \/>\u2022 z oddzieln\u0105 toalet\u0105,<br data-start=\"3664\" data-end=\"3667\" \/>\u2022 odpowiedniego dla 2-6 os\u00f3b,<\/p>\n<p data-start=\"3700\" data-end=\"3748\">Maxus 24 EVO b\u0119dzie rozs\u0105dn\u0105 i sprawdzon\u0105 opcj\u0105.<\/p>\n<p data-start=\"3750\" data-end=\"3900\">To jednostka, kt\u00f3ra \u0142\u0105czy funkcjonalno\u015b\u0107, bezpiecze\u0144stwo i dobre osi\u0105gi &#8211; dlatego cieszy si\u0119 du\u017c\u0105 popularno\u015bci\u0105 w\u015br\u00f3d \u017ceglarzy.<\/p>\n\n\t\t<\/div>\n\t<\/div>\n\n\t\t<\/div>\n\t<\/div>\n\t<\/div>\n\n<\/div>\n<\/div>","protected":false},"excerpt":{"rendered":"<p>&#8230; <a class=\"more-link\" href=\"https:\/\/jachtymazury.pl\/en\/czarter-jachtow-zaglowych\/maxus-24-evo\/\">Continue reading<\/a><\/p>","protected":false},"author":1,"featured_media":0,"parent":2800,"menu_order":0,"comment_status":"closed","ping_status":"closed","template":"","meta":{"_acf_changed":false,"_seopress_robots_primary_cat":"","_seopress_titles_title":"Maxus 24 Evo - dane techniczne, wn\u0119trze, cena","_seopress_titles_desc":"Maxus 24 Evo - dane techniczne, wymiary, wn\u0119trze, koje i maksymalna liczba os\u00f3b. Sprawd\u017a parametry modelu oraz dost\u0119pne jednostki.","_seopress_robots_index":"","footnotes":""},"class_list":["post-38849","page","type-page","status-publish","hentry"],"acf":[],"_links":{"self":[{"href":"https:\/\/jachtymazury.pl\/en\/wp-json\/wp\/v2\/pages\/38849","targetHints":{"allow":["GET"]}}],"collection":[{"href":"https:\/\/jachtymazury.pl\/en\/wp-json\/wp\/v2\/pages"}],"about":[{"href":"https:\/\/jachtymazury.pl\/en\/wp-json\/wp\/v2\/types\/page"}],"author":[{"embeddable":true,"href":"https:\/\/jachtymazury.pl\/en\/wp-json\/wp\/v2\/users\/1"}],"replies":[{"embeddable":true,"href":"https:\/\/jachtymazury.pl\/en\/wp-json\/wp\/v2\/comments?post=38849"}],"version-history":[{"count":1,"href":"https:\/\/jachtymazury.pl\/en\/wp-json\/wp\/v2\/pages\/38849\/revisions"}],"predecessor-version":[{"id":38862,"href":"https:\/\/jachtymazury.pl\/en\/wp-json\/wp\/v2\/pages\/38849\/revisions\/38862"}],"up":[{"embeddable":true,"href":"https:\/\/jachtymazury.pl\/en\/wp-json\/wp\/v2\/pages\/2800"}],"wp:attachment":[{"href":"https:\/\/jachtymazury.pl\/en\/wp-json\/wp\/v2\/media?parent=38849"}],"curies":[{"name":"wp","href":"https:\/\/api.w.org\/{rel}","templated":true}]}}