{"id":38864,"date":"2026-02-27T13:24:04","date_gmt":"2026-02-27T11:24:04","guid":{"rendered":"https:\/\/jachtymazury.pl\/?page_id=38864"},"modified":"2026-02-27T14:03:41","modified_gmt":"2026-02-27T12:03:41","slug":"maxus-28","status":"publish","type":"page","link":"https:\/\/jachtymazury.pl\/en\/czarter-jachtow-zaglowych\/maxus-28\/","title":{"rendered":"Maxus 28"},"content":{"rendered":"<div  class=\"content_row row vc_row wpb_row  default-style fullwidth\" >\n\t\n\t<div class=\"content_row_wrapper  fullwidth\" ><div class=\"vc_col-sm-3 wpb_column vc_column_container\" >\n\t<div class=\"vc_column-inner\">\n\t\t<div class=\"wpb_wrapper\" >\n\t\t\t<article  class=\"image-content-box content-box box-style-1 left\"><div class=\"featured_image_holder\"><a href=\"https:\/\/jachtymazury.pl\/en\/maxus-28-prawy-hals\/\" title=\"\" target=\"_self\"><img decoding=\"async\" class=\"img-responsive\" src=\"https:\/\/jachtymazury.pl\/wp-content\/uploads\/maxus-28-kokpit-scaled.jpg\" alt=\"Maxus 28\" \/><\/a><\/div><div class=\"text-holder\">\n\t<h3 class=\"heading\" >\n\t\t<a href=\"https:\/\/jachtymazury.pl\/en\/maxus-28-prawy-hals\/\" title=\"Maxus 28 Prawy Hals\" target=\"_self\" >\n\t\t\tMaxus 28 Prawy Hals\n\t\t<\/a>\n\t<\/h3> <\/div><\/article>\n\t\t<\/div>\n\t<\/div>\n\t<\/div>\n\n\t<div class=\"vc_col-sm-3 wpb_column vc_column_container\" >\n\t<div class=\"vc_column-inner\">\n\t\t<div class=\"wpb_wrapper\" >\n\t\t\t\n\t\t<\/div>\n\t<\/div>\n\t<\/div>\n\n\t<div class=\"vc_col-sm-3 wpb_column vc_column_container\" >\n\t<div class=\"vc_column-inner\">\n\t\t<div class=\"wpb_wrapper\" >\n\t\t\t\n\t\t<\/div>\n\t<\/div>\n\t<\/div>\n\n\t<div class=\"vc_col-sm-3 wpb_column vc_column_container\" >\n\t<div class=\"vc_column-inner\">\n\t\t<div class=\"wpb_wrapper\" >\n\t\t\t\n\t\t<\/div>\n\t<\/div>\n\t<\/div>\n<\/div>\n<\/div>\n\n<div  class=\"content_row row vc_row wpb_row  default-style fullwidth\" >\n\t\n\t<div class=\"content_row_wrapper  default\" >\n\t<div class=\"vc_col-sm-12 wpb_column vc_column_container\" >\n\t<div class=\"vc_column-inner\">\n\t\t<div class=\"wpb_wrapper\" >\n\t\t\t<div class=\"rt_heading_wrapper style-3\">\n\t\t\t\t\t\t<h1 class=\"rt_heading  style-3\" >MAXUS 28<\/h1> \n\t\t\t\t\t<\/div>\n\t\t<\/div>\n\t<\/div>\n\t<\/div>\n\n<\/div>\n<\/div>\n\n<div  class=\"content_row row vc_row wpb_row  default-style fullwidth\" >\n\t\n\t<div class=\"content_row_wrapper  default\" >\n\t<div class=\"vc_col-sm-12 wpb_column vc_column_container\" >\n\t<div class=\"vc_column-inner\">\n\t\t<div class=\"wpb_wrapper\" >\n\t\t\t\n\t<div class=\"wpb_text_column wpb_content_element\" >\n\t\t<div class=\"wpb_wrapper\">\n\t\t\t<div class=\"flex max-w-full flex-col grow\">\n<div class=\"min-h-8 text-message relative flex w-full flex-col items-end gap-2 text-start break-words whitespace-normal &#091;.text-message+&amp;&#093;:mt-1\" dir=\"auto\" data-message-author-role=\"assistant\" data-message-id=\"b323fda6-c219-44b7-be11-44558ca34364\" data-message-model-slug=\"gpt-5-2\">\n<div class=\"flex w-full flex-col gap-1 empty:hidden first:pt-&#091;1px&#093;\">\n<div class=\"markdown prose dark:prose-invert w-full wrap-break-word dark markdown-new-styling\">\n<p data-start=\"146\" data-end=\"421\">Maxus 28 to jeden z najbardziej dopracowanych jacht\u00f3w turystycznych w swojej klasie. Model \u0142\u0105czy bardzo dobre w\u0142a\u015bciwo\u015bci \u017ceglugowe z komfortowym i funkcjonalnym wn\u0119trzem. To jednostka zaprojektowana z my\u015bl\u0105 o wymagaj\u0105cych za\u0142ogach, kt\u00f3re chc\u0105 po\u0142\u0105czy\u0107 osi\u0105gi z wygod\u0105 rejsu.<\/p>\n<p data-start=\"423\" data-end=\"660\">Model zosta\u0142 wycofany z produkcji, dlatego dzi\u015b jest szczeg\u00f3lnie ceniony przez osoby znaj\u0105ce jego mo\u017cliwo\u015bci. W naszej flocie dbamy o t\u0119 jednostk\u0119 z wyj\u0105tkow\u0105 staranno\u015bci\u0105, aby jak najd\u0142u\u017cej zapewnia\u0142a prawdziw\u0105 przyjemno\u015b\u0107 z \u017ceglowania.<\/p>\n<p data-start=\"662\" data-end=\"789\">Poni\u017cej znajdziesz szczeg\u00f3\u0142owe informacje: <strong>Maxus 28 dane techniczne, wymiary, wn\u0119trze, koje, ilo\u015b\u0107 os\u00f3b oraz orientacyjn\u0105 cen\u0119.<\/strong><\/p>\n<h2 data-start=\"796\" data-end=\"825\">Maxus 28 &#8211; dane techniczne<\/h2>\n<p data-start=\"827\" data-end=\"858\">Key model parameters:<\/p>\n<p data-start=\"860\" data-end=\"1222\">\u2022 D\u0142ugo\u015b\u0107 ca\u0142kowita: ok. 9,44 m<br data-start=\"891\" data-end=\"894\" \/>\u2022 D\u0142ugo\u015b\u0107 kad\u0142uba: ok. 8,45 m<br data-start=\"923\" data-end=\"926\" \/>\u2022 Szeroko\u015b\u0107: 2,92 m<br data-start=\"945\" data-end=\"948\" \/>\u2022 Zanurzenie: 0,40 m (miecz podniesiony) \/ 1,60 m (miecz opuszczony)<br data-start=\"1016\" data-end=\"1019\" \/>\u2022 Powierzchnia o\u017caglowania: ok. 39 m\u00b2<br data-start=\"1056\" data-end=\"1059\" \/>\u2022 Wysoko\u015b\u0107 masztu: ok. 10,5 m<br data-start=\"1113\" data-end=\"1116\" \/>\u2022 Liczba koi: 6 + 2<br data-start=\"1135\" data-end=\"1138\" \/>\u2022 Wysoko\u015b\u0107 w kabinie: ok. 1,85 m<br data-start=\"1170\" data-end=\"1173\" \/>\u2022 Masa: ok. 3000 kg<\/p>\n<p data-start=\"1224\" data-end=\"1426\">Te dane techniczne sprawiaj\u0105, \u017ce jacht Maxus 28 jest stabilny i bardzo dobrze zbalansowany pod \u017caglami. Jednostka dobrze ostrzy, sprawnie przyspiesza i zachowuje kontrol\u0119 nawet przy silniejszym wietrze.<\/p>\n<h2 data-start=\"1433\" data-end=\"1476\">Maxus 28 &#8211; wymiary i przestrze\u0144 u\u017cytkowa<\/h2>\n<p data-start=\"1478\" data-end=\"1649\">Pod wzgl\u0119dem proporcji Maxus 28 wymiary ma bardzo dobrze zoptymalizowane. Szeroko\u015b\u0107 blisko 3 metr\u00f3w przek\u0142ada si\u0119 na przestronn\u0105 mes\u0119 oraz wygodny kokpit dla ca\u0142ej za\u0142ogi.<\/p>\n<p data-start=\"1651\" data-end=\"1843\">D\u0142ugo\u015b\u0107 prawie 9 metr\u00f3w zapewnia stabilno\u015b\u0107 kursow\u0105 oraz komfort mieszkalny. Jednocze\u015bnie stosunkowo niewielkie zanurzenie umo\u017cliwia bezpieczne korzystanie z p\u0142ytszych akwen\u00f3w.<\/p>\n<h2 data-start=\"1850\" data-end=\"1887\">Maxus 28 &#8211; wn\u0119trze i \u015brodek jachtu<\/h2>\n<p data-start=\"1889\" data-end=\"1997\">Maxus 28 wn\u0119trze zosta\u0142o zaprojektowane z my\u015bl\u0105 o kilkuosobowej za\u0142odze. W standardowym uk\u0142adzie znajdziemy:<\/p>\n<p data-start=\"1999\" data-end=\"2201\">\u2022 zamykan\u0105 kabin\u0119 dziobow\u0105 z dwuosobow\u0105 koj\u0105,<br data-start=\"2044\" data-end=\"2047\" \/>\u2022 zamykan\u0105 kabin\u0119 rufow\u0105,<br data-start=\"2077\" data-end=\"2080\" \/>\u2022 przestronn\u0105 mes\u0119 z rozk\u0142adanym sto\u0142em i miejscami do spania,<br data-start=\"2142\" data-end=\"2145\" \/>\u2022 aneks kuchenny (kambuz),<br data-start=\"2171\" data-end=\"2174\" \/>\u2022 oddzieln\u0105 toalet\u0119 z WC chemicznym.<\/p>\n<p data-start=\"2203\" data-end=\"2436\">Maxus 28 \u015brodek jest przestronny i funkcjonalny. Wysoko\u015b\u0107 w kabinie pozwala wi\u0119kszo\u015bci doros\u0142ych os\u00f3b swobodnie funkcjonowa\u0107 podczas postoju. Uk\u0142ad wn\u0119trza sprawdza si\u0119 zar\u00f3wno podczas weekendowego rejsu, jak i tygodniowego czarteru.<\/p>\n<h2 data-start=\"2443\" data-end=\"2486\">Maxus 28 &#8211; koje i ile os\u00f3b na pok\u0142adzie?<\/h2>\n<p data-start=\"2488\" data-end=\"2559\">Jedno z najcz\u0119\u015bciej zadawanych pyta\u0144 brzmi: Maxus 28 ile os\u00f3b pomie\u015bci?<\/p>\n<p data-start=\"2561\" data-end=\"2618\">Standardowo jacht oferuje maksymalnie 8 miejsc do spania.<\/p>\n<p data-start=\"2620\" data-end=\"2639\">Berths arrangement:<\/p>\n<p data-start=\"2641\" data-end=\"2733\">\u2022 2 koje w kabinie dziobowej,<br data-start=\"2670\" data-end=\"2673\" \/>\u2022 2 koje w kabinie rufowej,<br data-start=\"2708\" data-end=\"2711\" \/>\u2022 4 miejsca w mesie,<\/p>\n<p data-start=\"2735\" data-end=\"2887\">Realny komfort zapewnia za\u0142oga 6 os\u00f3b. Przy maksymalnej obsadzie przestrze\u0144 jest wykorzystana w pe\u0142ni, ale nadal funkcjonalna podczas wakacyjnego rejsu.<\/p>\n<h2 data-start=\"2894\" data-end=\"2915\">Maxus 28 &#8211; czarter<\/h2>\n<p data-start=\"2917\" data-end=\"3120\">Maxus 28 czarter to propozycja dla os\u00f3b szukaj\u0105cych wi\u0119kszej, stabilnej i komfortowej jednostki na Mazurach ze \u015bwietnymi w\u0142a\u015bciwo\u015bciami nautycznymi. Jacht sprawdza si\u0119 zar\u00f3wno podczas rodzinnych rejs\u00f3w, jak i w bardziej dynamicznym \u017ceglowaniu.<\/p>\n<p data-start=\"3122\" data-end=\"3308\">To model ceniony za dobre osi\u0105gi, przewidywalno\u015b\u0107 oraz wygod\u0119 u\u017cytkowania. Dzi\u0119ki odpowiednim proporcjom kad\u0142uba jednostka zachowuje stabilno\u015b\u0107 nawet przy zmiennych warunkach pogodowych.<\/p>\n<h2 data-start=\"3315\" data-end=\"3333\">Maxus 28 &#8211; cena<\/h2>\n<p data-start=\"3335\" data-end=\"3419\">Cena czarteru uzale\u017cniona jest od sezonu, standardu wyposa\u017cenia oraz d\u0142ugo\u015bci rejsu.<\/p>\n<p data-start=\"3421\" data-end=\"3713\">W sezonie wysokim stawki s\u0105 wyra\u017anie wy\u017csze ni\u017c w maju, czerwcu czy wrze\u015bniu. Pe\u0142en cennik jacht\u00f3w Maxus 28 dost\u0119pnych w naszej flocie znajduje si\u0119 w zak\u0142adce <a href=\"https:\/\/jachtymazury.pl\/en\/cennik\/\">cennik<\/a>. Kwoty obowi\u0105zuj\u0105 przy czarterze tygodniowym, natomiast przy kr\u00f3tszych lub d\u0142u\u017cszych wynajmach ceny ustalane s\u0105 indywidualnie.<\/p>\n<h2 data-start=\"3720\" data-end=\"3751\">Czy Maxus 28 to dobry wyb\u00f3r?<\/h2>\n<p data-start=\"3753\" data-end=\"3774\">If you are looking for a yacht:<\/p>\n<p data-start=\"3776\" data-end=\"3969\">\u2022 stabilnego i bezpiecznego,<br data-start=\"3804\" data-end=\"3807\" \/>\u2022 przestronnego dla rodziny lub grupy znajomych,<br data-start=\"3889\" data-end=\"3892\" \/>\u2022 odpowiedniego dla 4\u20136 os\u00f3b,<br data-start=\"3921\" data-end=\"3924\" \/>\u2022 \u0142\u0105cz\u0105cego osi\u0105gi z komfortem mieszkalnym,<\/p>\n<p data-start=\"3971\" data-end=\"4009\">Maxus 28 b\u0119dzie bardzo dobrym wyborem.<\/p>\n<p data-start=\"4011\" data-end=\"4176\" data-is-last-node=\"\" data-is-only-node=\"\">To jednostka, kt\u00f3ra \u0142\u0105czy funkcjonalno\u015b\u0107, dobre w\u0142a\u015bciwo\u015bci \u017ceglugowe i komfort &#8211; dlatego mimo zako\u0144czenia produkcji wci\u0105\u017c pozostaje cenionym modelem w\u015br\u00f3d \u017ceglarzy.<\/p>\n<\/div>\n<\/div>\n<\/div>\n<\/div>\n\n\t\t<\/div>\n\t<\/div>\n\n\t\t<\/div>\n\t<\/div>\n\t<\/div>\n\n<\/div>\n<\/div>","protected":false},"excerpt":{"rendered":"<p>&#8230; <a class=\"more-link\" href=\"https:\/\/jachtymazury.pl\/en\/czarter-jachtow-zaglowych\/maxus-28\/\">Continue reading<\/a><\/p>","protected":false},"author":1,"featured_media":15219,"parent":2800,"menu_order":0,"comment_status":"closed","ping_status":"closed","template":"","meta":{"_acf_changed":false,"_seopress_robots_primary_cat":"","_seopress_titles_title":"Maxus 28 - dane techniczne, wn\u0119trze, cena","_seopress_titles_desc":"Maxus 28 - dane techniczne, wymiary, wn\u0119trze, koje i maksymalna liczba os\u00f3b. Sprawd\u017a parametry modelu oraz dost\u0119pne jednostki.","_seopress_robots_index":"","footnotes":""},"class_list":["post-38864","page","type-page","status-publish","has-post-thumbnail","hentry"],"acf":[],"_links":{"self":[{"href":"https:\/\/jachtymazury.pl\/en\/wp-json\/wp\/v2\/pages\/38864","targetHints":{"allow":["GET"]}}],"collection":[{"href":"https:\/\/jachtymazury.pl\/en\/wp-json\/wp\/v2\/pages"}],"about":[{"href":"https:\/\/jachtymazury.pl\/en\/wp-json\/wp\/v2\/types\/page"}],"author":[{"embeddable":true,"href":"https:\/\/jachtymazury.pl\/en\/wp-json\/wp\/v2\/users\/1"}],"replies":[{"embeddable":true,"href":"https:\/\/jachtymazury.pl\/en\/wp-json\/wp\/v2\/comments?post=38864"}],"version-history":[{"count":3,"href":"https:\/\/jachtymazury.pl\/en\/wp-json\/wp\/v2\/pages\/38864\/revisions"}],"predecessor-version":[{"id":38870,"href":"https:\/\/jachtymazury.pl\/en\/wp-json\/wp\/v2\/pages\/38864\/revisions\/38870"}],"up":[{"embeddable":true,"href":"https:\/\/jachtymazury.pl\/en\/wp-json\/wp\/v2\/pages\/2800"}],"wp:featuredmedia":[{"embeddable":true,"href":"https:\/\/jachtymazury.pl\/en\/wp-json\/wp\/v2\/media\/15219"}],"wp:attachment":[{"href":"https:\/\/jachtymazury.pl\/en\/wp-json\/wp\/v2\/media?parent=38864"}],"curies":[{"name":"wp","href":"https:\/\/api.w.org\/{rel}","templated":true}]}}