{"id":38876,"date":"2026-02-27T16:01:56","date_gmt":"2026-02-27T14:01:56","guid":{"rendered":"https:\/\/jachtymazury.pl\/?page_id=38876"},"modified":"2026-02-27T16:13:16","modified_gmt":"2026-02-27T14:13:16","slug":"nautic-880","status":"publish","type":"page","link":"https:\/\/jachtymazury.pl\/en\/czarter-jachtow-motorowych\/nautic-880\/","title":{"rendered":"Nautic 880"},"content":{"rendered":"<div  class=\"content_row row vc_row wpb_row  default-style fullwidth\" >\n\t\n\t<div class=\"content_row_wrapper  default\" ><div class=\"vc_col-sm-6 wpb_column vc_column_container\" >\n\t<div class=\"vc_column-inner\">\n\t\t<div class=\"wpb_wrapper\" >\n\t\t\t<article  class=\"image-content-box content-box box-style-1 left\"><div class=\"featured_image_holder\"><a href=\"https:\/\/jachtymazury.pl\/en\/nautic-880-cuba-libre\/\" title=\"\" target=\"_self\"><img decoding=\"async\" class=\"img-responsive\" src=\"https:\/\/jachtymazury.pl\/wp-content\/uploads\/nautic-880-rufa.1-1.jpg\" alt=\"nautic 880\" \/><\/a><\/div><div class=\"text-holder\">\n\t<h3 class=\"heading\" >\n\t\t<a href=\"https:\/\/jachtymazury.pl\/en\/nautic-880-cuba-libre\/\" title=\"Nautic 880 Cuba Libre\" target=\"_self\" >\n\t\t\tNautic 880 Cuba Libre\n\t\t<\/a>\n\t<\/h3> <h3><\/h3>\n<\/div><\/article>\n\t\t<\/div>\n\t<\/div>\n\t<\/div>\n\n\t<div class=\"vc_col-sm-6 wpb_column vc_column_container\" >\n\t<div class=\"vc_column-inner\">\n\t\t<div class=\"wpb_wrapper\" >\n\t\t\t<article  class=\"image-content-box content-box box-style-1 left\"><div class=\"featured_image_holder\"><a href=\"https:\/\/jachtymazury.pl\/en\/nautic-880\/\" title=\"\" target=\"_self\"><img decoding=\"async\" class=\"img-responsive\" src=\"https:\/\/jachtymazury.pl\/wp-content\/uploads\/nautic880.jpg\" alt=\"Nautic 880\" \/><\/a><\/div><div class=\"text-holder\">\n\t<h3 class=\"heading\" >\n\t\t<a href=\"https:\/\/jachtymazury.pl\/en\/nautic-880\/\" title=\"Nautic 880 Mojito\" target=\"_self\" >\n\t\t\tNautic 880 Mojito\n\t\t<\/a>\n\t<\/h3> <\/div><\/article>\n\t\t<\/div>\n\t<\/div>\n\t<\/div>\n<\/div>\n<\/div>\n\n<div  class=\"content_row row vc_row wpb_row  default-style fullwidth\" >\n\t\n\t<div class=\"content_row_wrapper  default\" >\n\t<div class=\"vc_col-sm-12 wpb_column vc_column_container\" >\n\t<div class=\"vc_column-inner\">\n\t\t<div class=\"wpb_wrapper\" >\n\t\t\t<div class=\"rt_heading_wrapper style-3\">\n\t\t\t\t\t\t<h1 class=\"rt_heading  style-3\" >NAUTIC 880<\/h1> \n\t\t\t\t\t<\/div>\n\t\t<\/div>\n\t<\/div>\n\t<\/div>\n\n<\/div>\n<\/div>\n\n<div  class=\"content_row row vc_row wpb_row  default-style fullwidth\" >\n\t\n\t<div class=\"content_row_wrapper  default\" >\n\t<div class=\"vc_col-sm-12 wpb_column vc_column_container\" >\n\t<div class=\"vc_column-inner\">\n\t\t<div class=\"wpb_wrapper\" >\n\t\t\t\n\t<div class=\"wpb_text_column wpb_content_element\" >\n\t\t<div class=\"wpb_wrapper\">\n\t\t\t<p data-start=\"206\" data-end=\"440\">Nautic 880 to nowoczesny jacht motorowy klasy turystycznej, zaprojektowany z my\u015bl\u0105 o komfortowym p\u0142ywaniu rekreacyjnym. Model \u0142\u0105czy przestronny uk\u0142ad wn\u0119trza z dynamicznymi osi\u0105gami i stabilnym prowadzeniem.<\/p>\n<p data-start=\"442\" data-end=\"687\">Jednostka wyr\u00f3\u017cnia si\u0119 funkcjonalnym kokpitem, wygodn\u0105 ster\u00f3wk\u0105 oraz dobrze zaprojektowan\u0105 przestrzeni\u0105 pod pok\u0142adem. To konstrukcja skierowana do os\u00f3b, kt\u00f3re oczekuj\u0105 wygody zbli\u017conej do ma\u0142ego apartamentu na wodzie, bez rezygnowania z osi\u0105g\u00f3w.<\/p>\n<p data-start=\"689\" data-end=\"818\">Poni\u017cej znajdziesz szczeg\u00f3\u0142owe informacje: <strong>Nautic 880 dane techniczne, wymiary, wn\u0119trze, koje, ilo\u015b\u0107 os\u00f3b oraz orientacyjn\u0105 cen\u0119.<\/strong><\/p>\n<h2 data-start=\"825\" data-end=\"856\">Nautic 880 &#8211; dane techniczne<\/h2>\n<p data-start=\"858\" data-end=\"889\">Key model parameters:<\/p>\n<p data-start=\"891\" data-end=\"1347\">\u2022 D\u0142ugo\u015b\u0107 ca\u0142kowita: 9,17 m<br data-start=\"918\" data-end=\"921\" \/>\u2022 Szeroko\u015b\u0107: 3,00 m<br data-start=\"940\" data-end=\"943\" \/>\u2022 Wysoko\u015b\u0107 ca\u0142kowita: 2,65 m<br data-start=\"971\" data-end=\"974\" \/>\u2022 Zanurzenie: 0,65 m<br data-start=\"994\" data-end=\"997\" \/>\u2022 Liczba kabin: 2<br data-start=\"1014\" data-end=\"1017\" \/>\u2022 Maksymalna liczba os\u00f3b: 6<br data-start=\"1044\" data-end=\"1047\" \/>\u2022 Masa: od 2900 kg (bez silnika)<br data-start=\"1252\" data-end=\"1255\" \/>\u2022 Pojemno\u015b\u0107 zbiornik\u00f3w: paliwo 160 l, woda 100 l, fekalia 100 l<\/p>\n<p data-start=\"1349\" data-end=\"1551\">Te dane techniczne sprawiaj\u0105, \u017ce Nautic 880 jest jednostk\u0105 stabiln\u0105, szybk\u0105 i komfortow\u0105 w u\u017cytkowaniu. Odpowiednia szeroko\u015b\u0107 oraz proporcje kad\u0142uba zapewniaj\u0105 dobr\u0105 kontrol\u0119 przy wy\u017cszych pr\u0119dko\u015bciach.<\/p>\n<h2 data-start=\"1558\" data-end=\"1603\">Nautic 880 &#8211; wymiary i przestrze\u0144 u\u017cytkowa<\/h2>\n<p data-start=\"1605\" data-end=\"1757\">Pod wzgl\u0119dem proporcji Nautic 880 wymiary ma bardzo dobrze zoptymalizowane. Szeroko\u015b\u0107 3 metr\u00f3w przek\u0142ada si\u0119 na przestronne wn\u0119trze oraz wygodny kokpit.<\/p>\n<p data-start=\"1759\" data-end=\"1976\">D\u0142ugo\u015b\u0107 9 metr\u00f3w zapewnia stabilno\u015b\u0107 kursow\u0105 oraz odpowiedni\u0105 ilo\u015b\u0107 miejsca zar\u00f3wno pod pok\u0142adem, jak i na zewn\u0105trz. Jednostka oferuje du\u017co przestrzeni i bardzo wygodn\u0105 cz\u0119\u015b\u0107 zewn\u0119trzn\u0105.<\/p>\n<h2 data-start=\"1983\" data-end=\"2022\">Nautic 880 &#8211; wn\u0119trze i \u015brodek jachtu<\/h2>\n<p data-start=\"2024\" data-end=\"2143\">Nautic 880 wn\u0119trze zosta\u0142o zaprojektowane z my\u015bl\u0105 o komforcie kilkuosobowej za\u0142ogi. W standardowym uk\u0142adzie znajdziemy:<\/p>\n<p data-start=\"2145\" data-end=\"2332\">\u2022 dwie dwuosobowe kabiny,<br data-start=\"2180\" data-end=\"2183\" \/>\u2022 kabin\u0119 \u0142azienkow\u0105 z toalet\u0105 morsk\u0105 i prysznicem,<br data-start=\"2233\" data-end=\"2236\" \/>\u2022 mes\u0119 z mo\u017cliwo\u015bci\u0105 dodatkowego miejsca do spania,<br data-start=\"2299\" data-end=\"2302\" \/>\u2022 w pe\u0142ni wyposa\u017cony kambuz.<\/p>\n<p data-start=\"2334\" data-end=\"2501\">Nautic 880 \u015brodek jest funkcjonalny i ergonomiczny. Uk\u0142ad pozwala na komfortowe funkcjonowanie podczas kilkudniowych rejs\u00f3w bez konieczno\u015bci reorganizacji przestrzeni.<\/p>\n<h2 data-start=\"2508\" data-end=\"2553\">Nautic 880 &#8211; koje i ile os\u00f3b na pok\u0142adzie?<\/h2>\n<p data-start=\"2555\" data-end=\"2628\">Jedno z najcz\u0119\u015bciej zadawanych pyta\u0144 brzmi: Nautic 880 ile os\u00f3b pomie\u015bci?<\/p>\n<p data-start=\"2630\" data-end=\"2740\">Model oferuje komfortowe miejsca do spania dla 4 os\u00f3b oraz mo\u017cliwo\u015b\u0107 zwi\u0119kszenia za\u0142ogi do maksymalnie 6 os\u00f3b.<\/p>\n<p data-start=\"2742\" data-end=\"2761\">Berths arrangement:<\/p>\n<p data-start=\"2763\" data-end=\"2855\">\u2022 2 koje w pierwszej kabinie,<br data-start=\"2792\" data-end=\"2795\" \/>\u2022 2 koje w drugiej kabinie,<br data-start=\"2822\" data-end=\"2825\" \/>\u2022 dodatkowe miejsca w mesie dla dw\u00f3ch os\u00f3b.<\/p>\n<p data-start=\"2857\" data-end=\"2990\">Realny komfort zapewnia za\u0142oga 4-5 os\u00f3b. Przy maksymalnej obsadzie 6 os\u00f3b przestrze\u0144 jest nadal funkcjonalna podczas wakacyjnego rejsu.<\/p>\n<h2 data-start=\"2997\" data-end=\"3020\">Nautic 880 &#8211; czarter<\/h2>\n<p data-start=\"3022\" data-end=\"3246\">Nautic 880 czarter to propozycja dla os\u00f3b poszukuj\u0105cych jachtu motorowego o wi\u0119kszym komforcie i wy\u017cszych osi\u0105gach.<\/p>\n<p data-start=\"3248\" data-end=\"3377\">Dzi\u0119ki stabilnej konstrukcji i nowoczesnym rozwi\u0105zaniom technicznym jednostka zapewnia bezpieczne oraz przewidywalne prowadzenie.<\/p>\n<h2 data-start=\"3384\" data-end=\"3404\">Nautic 880 &#8211; cena<\/h2>\n<p data-start=\"3406\" data-end=\"3490\">Cena czarteru uzale\u017cniona jest od terminu oraz d\u0142ugo\u015bci rejsu.<\/p>\n<p data-start=\"3492\" data-end=\"3737\">W sezonie wysokim stawki s\u0105 wyra\u017anie wy\u017csze ni\u017c w okresach przed i posezonowych. Pe\u0142en cennik jednostek Nautic 880 dost\u0119pnych w naszej flocie znajduje si\u0119 w zak\u0142adce<a href=\"https:\/\/jachtymazury.pl\/en\/cennik\/\"> cennik<\/a>. Przy kr\u00f3tszych lub d\u0142u\u017cszych czarterach ceny ustalane s\u0105 indywidualnie.<\/p>\n<h2 data-start=\"3744\" data-end=\"3777\">Czy Nautic 880 to dobry wyb\u00f3r?<\/h2>\n<p data-start=\"3779\" data-end=\"3811\">Je\u015bli szukasz jachtu motorowego:<\/p>\n<p data-start=\"3813\" data-end=\"4012\">\u2022 komfortowego dla 4\u20136 os\u00f3b,<br data-start=\"3841\" data-end=\"3844\" \/>\u2022 z dwiema zamykanymi kabinami,<br data-start=\"3875\" data-end=\"3878\" \/>\u2022 z pe\u0142n\u0105 \u0142azienk\u0105 i prysznicem,<br data-start=\"3910\" data-end=\"3913\" \/>\u2022 umo\u017cliwiaj\u0105cego dynamiczne przemieszczanie si\u0119,<br data-start=\"3962\" data-end=\"3965\" \/>\u2022 zapewniaj\u0105cego stabilno\u015b\u0107 i bezpiecze\u0144stwo,<\/p>\n<p data-start=\"4014\" data-end=\"4054\">Nautic 880 b\u0119dzie bardzo dobrym wyborem.<\/p>\n<p data-start=\"4056\" data-end=\"4211\">To model, kt\u00f3ry \u0142\u0105czy wygod\u0119, osi\u0105gi i nowoczesne rozwi\u0105zania &#8211; dlatego cieszy si\u0119 rosn\u0105c\u0105 popularno\u015bci\u0105 w segmencie jacht\u00f3w motorowych \u015bredniej wielko\u015bci.<\/p>\n\n\t\t<\/div>\n\t<\/div>\n\n\t\t<\/div>\n\t<\/div>\n\t<\/div>\n\n<\/div>\n<\/div>","protected":false},"excerpt":{"rendered":"<p>&#8230; <a class=\"more-link\" href=\"https:\/\/jachtymazury.pl\/en\/czarter-jachtow-motorowych\/nautic-880\/\">Continue reading<\/a><\/p>","protected":false},"author":1,"featured_media":16195,"parent":3226,"menu_order":0,"comment_status":"closed","ping_status":"closed","template":"","meta":{"_acf_changed":false,"_seopress_robots_primary_cat":"","_seopress_titles_title":"Nautic 880 - dane techniczne, wn\u0119trze, cena","_seopress_titles_desc":"Nautic 880 - dane techniczne, wymiary, wn\u0119trze, koje i maksymalna liczba os\u00f3b. Sprawd\u017a parametry modelu oraz dost\u0119pne jednostki.","_seopress_robots_index":"","footnotes":""},"class_list":["post-38876","page","type-page","status-publish","has-post-thumbnail","hentry"],"acf":[],"_links":{"self":[{"href":"https:\/\/jachtymazury.pl\/en\/wp-json\/wp\/v2\/pages\/38876","targetHints":{"allow":["GET"]}}],"collection":[{"href":"https:\/\/jachtymazury.pl\/en\/wp-json\/wp\/v2\/pages"}],"about":[{"href":"https:\/\/jachtymazury.pl\/en\/wp-json\/wp\/v2\/types\/page"}],"author":[{"embeddable":true,"href":"https:\/\/jachtymazury.pl\/en\/wp-json\/wp\/v2\/users\/1"}],"replies":[{"embeddable":true,"href":"https:\/\/jachtymazury.pl\/en\/wp-json\/wp\/v2\/comments?post=38876"}],"version-history":[{"count":3,"href":"https:\/\/jachtymazury.pl\/en\/wp-json\/wp\/v2\/pages\/38876\/revisions"}],"predecessor-version":[{"id":38882,"href":"https:\/\/jachtymazury.pl\/en\/wp-json\/wp\/v2\/pages\/38876\/revisions\/38882"}],"up":[{"embeddable":true,"href":"https:\/\/jachtymazury.pl\/en\/wp-json\/wp\/v2\/pages\/3226"}],"wp:featuredmedia":[{"embeddable":true,"href":"https:\/\/jachtymazury.pl\/en\/wp-json\/wp\/v2\/media\/16195"}],"wp:attachment":[{"href":"https:\/\/jachtymazury.pl\/en\/wp-json\/wp\/v2\/media?parent=38876"}],"curies":[{"name":"wp","href":"https:\/\/api.w.org\/{rel}","templated":true}]}}