{"id":38887,"date":"2026-02-27T17:02:14","date_gmt":"2026-02-27T15:02:14","guid":{"rendered":"https:\/\/jachtymazury.pl\/?page_id=38887"},"modified":"2026-02-27T17:02:14","modified_gmt":"2026-02-27T15:02:14","slug":"calipso-750","status":"publish","type":"page","link":"https:\/\/jachtymazury.pl\/en\/czarter-jachtow-motorowych\/calipso-750\/","title":{"rendered":"Calipso 750"},"content":{"rendered":"<div  class=\"content_row row vc_row wpb_row  default-style fullwidth\" >\n\t\n\t<div class=\"content_row_wrapper  default\" ><div class=\"vc_col-sm-6 wpb_column vc_column_container\" >\n\t<div class=\"vc_column-inner\">\n\t\t<div class=\"wpb_wrapper\" >\n\t\t\t<article  class=\"image-content-box content-box box-style-1 left\"><div class=\"featured_image_holder\"><a href=\"https:\/\/jachtymazury.pl\/en\/calipso-750-2\/\" title=\"\" target=\"_self\"><img decoding=\"async\" class=\"img-responsive\" src=\"https:\/\/jachtymazury.pl\/wp-content\/uploads\/calipso-750-4.jpg\" alt=\"Calipso 750\" \/><\/a><\/div><div class=\"text-holder\">\n\t<h3 class=\"heading\" >\n\t\t<a href=\"https:\/\/jachtymazury.pl\/en\/calipso-750-2\/\" title=\"Calipso 750 Fire Cruiser\" target=\"_self\" >\n\t\t\tCalipso 750 Fire Cruiser\n\t\t<\/a>\n\t<\/h3> <h3><\/h3>\n<\/div><\/article>\n\t\t<\/div>\n\t<\/div>\n\t<\/div>\n\n\t<div class=\"vc_col-sm-6 wpb_column vc_column_container\" >\n\t<div class=\"vc_column-inner\">\n\t\t<div class=\"wpb_wrapper\" >\n\t\t\t\n\t\t<\/div>\n\t<\/div>\n\t<\/div>\n<\/div>\n<\/div>\n\n<div  class=\"content_row row vc_row wpb_row  default-style fullwidth\" >\n\t\n\t<div class=\"content_row_wrapper  default\" >\n\t<div class=\"vc_col-sm-12 wpb_column vc_column_container\" >\n\t<div class=\"vc_column-inner\">\n\t\t<div class=\"wpb_wrapper\" >\n\t\t\t<div class=\"rt_heading_wrapper style-3\">\n\t\t\t\t\t\t<h1 class=\"rt_heading  style-3\" >CALIPSO 750<\/h1> \n\t\t\t\t\t<\/div>\n\t\t<\/div>\n\t<\/div>\n\t<\/div>\n\n<\/div>\n<\/div>\n\n<div  class=\"content_row row vc_row wpb_row  default-style fullwidth\" >\n\t\n\t<div class=\"content_row_wrapper  default\" >\n\t<div class=\"vc_col-sm-12 wpb_column vc_column_container\" >\n\t<div class=\"vc_column-inner\">\n\t\t<div class=\"wpb_wrapper\" >\n\t\t\t\n\t<div class=\"wpb_text_column wpb_content_element\" >\n\t\t<div class=\"wpb_wrapper\">\n\t\t\t<p data-start=\"192\" data-end=\"437\">Jacht zaprojektowany z my\u015bl\u0105 o komfortowym wypoczynku na wodzie. Model \u0142\u0105czy funkcjonalne wn\u0119trze z prost\u0105 i bezpieczn\u0105 obs\u0142ug\u0105, dzi\u0119ki czemu jest cz\u0119sto wybierany na rodzinne rejsy po Mazurach.<\/p>\n<p data-start=\"439\" data-end=\"614\">Houseboat Calipso 750 to konstrukcja skierowana do os\u00f3b, kt\u00f3re oczekuj\u0105 wygody mieszkalnej bez konieczno\u015bci posiadania du\u017cego do\u015bwiadczenia w prowadzeniu jednostek motorowych.<\/p>\n<p data-start=\"616\" data-end=\"746\">Poni\u017cej znajdziesz szczeg\u00f3\u0142owe informacje:<strong> Calipso 750 dane techniczne, wymiary, wn\u0119trze, koje, ilo\u015b\u0107 os\u00f3b oraz orientacyjn\u0105 cen\u0119.<\/strong><\/p>\n<h2 data-start=\"753\" data-end=\"785\">Calipso 750 &#8211; dane techniczne<\/h2>\n<p data-start=\"787\" data-end=\"818\">Key model parameters:<\/p>\n<p data-start=\"820\" data-end=\"1013\">\u2022 D\u0142ugo\u015b\u0107: 7,50 m<br data-start=\"837\" data-end=\"840\" \/>\u2022 Szeroko\u015b\u0107: 2,80 m<br data-start=\"859\" data-end=\"862\" \/>\u2022 Zanurzenie: 0,50 m<br data-start=\"882\" data-end=\"885\" \/>\u2022 Liczba os\u00f3b: 4 (max 6)<br data-start=\"909\" data-end=\"912\" \/>\u2022 Zamykane kabiny: 2<br data-start=\"932\" data-end=\"935\" \/>\u2022 Wysoko\u015b\u0107 kabiny: 1,90 m<br data-start=\"960\" data-end=\"963\" \/>\u2022 Typ silnika: przyczepny<br data-start=\"988\" data-end=\"991\" \/>\u2022 Moc silnika: 30 KM<\/p>\n<p data-start=\"1015\" data-end=\"1169\">Te dane techniczne sprawiaj\u0105, \u017ce Calipso 750 jest jednostk\u0105 stabiln\u0105, \u0142atw\u0105 w manewrowaniu i odpowiedni\u0105 do rekreacyjnego p\u0142ywania po wodach \u015br\u00f3dl\u0105dowych.<\/p>\n<h2 data-start=\"1176\" data-end=\"1222\">Calipso 750 &#8211; wymiary i przestrze\u0144 u\u017cytkowa<\/h2>\n<p data-start=\"1224\" data-end=\"1392\">Pod wzgl\u0119dem proporcji Calipso 750 wymiary ma bardzo dobrze zoptymalizowane. Szeroko\u015b\u0107 2,80 m przek\u0142ada si\u0119 na wygodn\u0105 przestrze\u0144 pod pok\u0142adem oraz funkcjonalny kokpit.<\/p>\n<p data-start=\"1394\" data-end=\"1518\">D\u0142ugo\u015b\u0107 7,5 metra zapewnia stabilno\u015b\u0107 przy zachowaniu kompaktowych rozmiar\u00f3w, co u\u0142atwia cumowanie i manewrowanie w portach. Calipso 750 jest bardzo chwalone za przestronny kokpit z du\u017c\u0105 ilo\u015bci\u0105 miejsca, idealnie sprawdzi si\u0119 r\u00f3wnie\u017c podczas deszczu.<\/p>\n<h2 data-start=\"1525\" data-end=\"1565\">Calipso 750 &#8211; wn\u0119trze i \u015brodek jachtu<\/h2>\n<p data-start=\"1567\" data-end=\"1678\">Calipso 750 wn\u0119trze zosta\u0142o zaprojektowane z my\u015bl\u0105 o kilkuosobowej za\u0142odze. W standardowym uk\u0142adzie znajdziemy:<\/p>\n<p data-start=\"1680\" data-end=\"1876\">\u2022 zamykan\u0105 kabin\u0119 dziobow\u0105 z dwuosobow\u0105 koj\u0105,<br data-start=\"1725\" data-end=\"1728\" \/>\u2022 drug\u0105 zamykan\u0105 kabin\u0119 rufow\u0105 dla dw\u00f3ch os\u00f3b,<br data-start=\"1752\" data-end=\"1755\" \/>\u2022 mes\u0119 z mo\u017cliwo\u015bci\u0105 dodatkowych miejsc do spania dla dw\u00f3ch os\u00f3b.<br data-start=\"1805\" data-end=\"1808\" \/>\u2022 aneks kuchenny (kambuz),<br data-start=\"1834\" data-end=\"1837\" \/>\u2022 \u0142azienk\u0119 z WC morskim i prysznicem,<\/p>\n<p data-start=\"1878\" data-end=\"2050\">Calipso 750 \u015brodek jest funkcjonalny i ergonomiczny. Wysoko\u015b\u0107 w kabinie 1,90 m pozwala swobodnie porusza\u0107 si\u0119 pod pok\u0142adem, co zwi\u0119ksza komfort podczas kilkudniowego rejsu.<\/p>\n<h2 data-start=\"2057\" data-end=\"2103\">Calipso 750 &#8211; koje i ile os\u00f3b na pok\u0142adzie?<\/h2>\n<p data-start=\"2105\" data-end=\"2179\">Jedno z najcz\u0119\u015bciej zadawanych pyta\u0144 brzmi: Calipso 750 ile os\u00f3b pomie\u015bci?<\/p>\n<p data-start=\"2181\" data-end=\"2290\">Model oferuje komfortowe miejsca do spania dla 4 os\u00f3b z mo\u017cliwo\u015bci\u0105 zwi\u0119kszenia za\u0142ogi do maksymalnie 6 os\u00f3b.<\/p>\n<p data-start=\"2292\" data-end=\"2311\">Berths arrangement:<\/p>\n<p data-start=\"2313\" data-end=\"2411\">\u2022 2 miejsca w kabinie dziobowej,<br data-start=\"2345\" data-end=\"2348\" \/>\u2022 2 miejsca w drugiej kabinie,<br data-start=\"2378\" data-end=\"2381\" \/>\u2022 dodatkowe miejsca w mesie dla dw\u00f3ch os\u00f3b.<\/p>\n<p data-start=\"2413\" data-end=\"2500\">Najwi\u0119kszy komfort zapewnia za\u0142oga 4-5 os\u00f3b, szczeg\u00f3lnie przy d\u0142u\u017cszym pobycie na wodzie.<\/p>\n<h2 data-start=\"2507\" data-end=\"2531\">Calipso 750 &#8211; czarter<\/h2>\n<p data-start=\"2533\" data-end=\"2716\">Calipso 750 czarter to popularny wyb\u00f3r w segmencie mniejszych jednostek motorowych. Houseboat Calipso 750 sprawdza si\u0119 podczas spokojnych, rodzinnych rejs\u00f3w oraz weekendowych wypad\u00f3w.<\/p>\n<p data-start=\"2718\" data-end=\"2900\">Prosta obs\u0142uga, stabilno\u015b\u0107 oraz wyposa\u017cenie typowe dla jednostek typu houseboat sprawiaj\u0105, \u017ce model jest ch\u0119tnie wybierany przez osoby szukaj\u0105ce komfortu bez konieczno\u015bci \u017ceglowania.<\/p>\n<h2 data-start=\"2907\" data-end=\"2928\">Calipso 750 &#8211; cena<\/h2>\n<p data-start=\"2930\" data-end=\"3014\">Cena czarteru uzale\u017cniona jest od sezonu, d\u0142ugo\u015bci rejsu oraz standardu wyposa\u017cenia. Calipso 750 jest jednym z najta\u0144szych jacht\u00f3w dost\u0119pnych w czarterze.<\/p>\n<p data-start=\"3016\" data-end=\"3259\">W sezonie wysokim stawki s\u0105 wyra\u017anie wy\u017csze ni\u017c w maju, czerwcu czy wrze\u015bniu. Pe\u0142en cennik jednostek Calipso 750 dost\u0119pnych w naszej flocie znajduje si\u0119 w zak\u0142adce <a href=\"https:\/\/jachtymazury.pl\/en\/cennik\/\">cennik.<\/a> Przy kr\u00f3tszych lub d\u0142u\u017cszych czarterach ceny ustalane s\u0105 indywidualnie.<\/p>\n<h2 data-start=\"3266\" data-end=\"3300\">Czy Calipso 750 to dobry wyb\u00f3r?<\/h2>\n<p data-start=\"3302\" data-end=\"3338\">Je\u015bli szukasz jachtu typu houseboat:<\/p>\n<p data-start=\"3340\" data-end=\"3529\">\u2022 kompaktowego i \u0142atwego w prowadzeniu,<br data-start=\"3379\" data-end=\"3382\" \/>\u2022 komfortowego dla 4\u20136 os\u00f3b,<br data-start=\"3410\" data-end=\"3413\" \/>\u2022 z dwiema zamykanymi kabinami,<br data-start=\"3444\" data-end=\"3447\" \/>\u2022 z pe\u0142n\u0105 \u0142azienk\u0105 i prysznicem,<br data-start=\"3479\" data-end=\"3482\" \/>\u2022 odpowiedniego na rodzinny rejs po Mazurach,<\/p>\n<p data-start=\"3531\" data-end=\"3580\">Calipso 750 b\u0119dzie rozs\u0105dn\u0105 i funkcjonaln\u0105 opcj\u0105.<\/p>\n<p data-start=\"3582\" data-end=\"3666\" data-is-last-node=\"\" data-is-only-node=\"\">To model, kt\u00f3ry \u0142\u0105czy wygod\u0119 mieszkaln\u0105 z prost\u0105 obs\u0142ug\u0105 i stabilno\u015bci\u0105 prowadzenia.<\/p>\n\n\t\t<\/div>\n\t<\/div>\n\n\t\t<\/div>\n\t<\/div>\n\t<\/div>\n\n<\/div>\n<\/div>","protected":false},"excerpt":{"rendered":"<p>&#8230; <a class=\"more-link\" href=\"https:\/\/jachtymazury.pl\/en\/czarter-jachtow-motorowych\/calipso-750\/\">Continue reading<\/a><\/p>","protected":false},"author":1,"featured_media":15326,"parent":3226,"menu_order":0,"comment_status":"closed","ping_status":"closed","template":"","meta":{"_acf_changed":false,"_seopress_robots_primary_cat":"","_seopress_titles_title":"Calipso 750 - dane techniczne, wn\u0119trze, cena","_seopress_titles_desc":"Calipso 750 - dane techniczne, wymiary, wn\u0119trze, koje i maksymalna liczba os\u00f3b. Sprawd\u017a parametry modelu oraz dost\u0119pne jednostki.","_seopress_robots_index":"","footnotes":""},"class_list":["post-38887","page","type-page","status-publish","has-post-thumbnail","hentry"],"acf":[],"_links":{"self":[{"href":"https:\/\/jachtymazury.pl\/en\/wp-json\/wp\/v2\/pages\/38887","targetHints":{"allow":["GET"]}}],"collection":[{"href":"https:\/\/jachtymazury.pl\/en\/wp-json\/wp\/v2\/pages"}],"about":[{"href":"https:\/\/jachtymazury.pl\/en\/wp-json\/wp\/v2\/types\/page"}],"author":[{"embeddable":true,"href":"https:\/\/jachtymazury.pl\/en\/wp-json\/wp\/v2\/users\/1"}],"replies":[{"embeddable":true,"href":"https:\/\/jachtymazury.pl\/en\/wp-json\/wp\/v2\/comments?post=38887"}],"version-history":[{"count":1,"href":"https:\/\/jachtymazury.pl\/en\/wp-json\/wp\/v2\/pages\/38887\/revisions"}],"predecessor-version":[{"id":38890,"href":"https:\/\/jachtymazury.pl\/en\/wp-json\/wp\/v2\/pages\/38887\/revisions\/38890"}],"up":[{"embeddable":true,"href":"https:\/\/jachtymazury.pl\/en\/wp-json\/wp\/v2\/pages\/3226"}],"wp:featuredmedia":[{"embeddable":true,"href":"https:\/\/jachtymazury.pl\/en\/wp-json\/wp\/v2\/media\/15326"}],"wp:attachment":[{"href":"https:\/\/jachtymazury.pl\/en\/wp-json\/wp\/v2\/media?parent=38887"}],"curies":[{"name":"wp","href":"https:\/\/api.w.org\/{rel}","templated":true}]}}