{"id":38892,"date":"2026-02-27T17:14:01","date_gmt":"2026-02-27T15:14:01","guid":{"rendered":"https:\/\/jachtymazury.pl\/?page_id=38892"},"modified":"2026-02-27T17:14:27","modified_gmt":"2026-02-27T15:14:27","slug":"nexus-870-revo","status":"publish","type":"page","link":"https:\/\/jachtymazury.pl\/en\/czarter-jachtow-motorowych\/nexus-870-revo\/","title":{"rendered":"Nexus 870 Revo"},"content":{"rendered":"<div  class=\"content_row row vc_row wpb_row  default-style fullwidth\" >\n\t\n\t<div class=\"content_row_wrapper  default\" ><div class=\"vc_col-sm-6 wpb_column vc_column_container\" >\n\t<div class=\"vc_column-inner\">\n\t\t<div class=\"wpb_wrapper\" >\n\t\t\t<article  class=\"image-content-box content-box box-style-1 left\"><div class=\"featured_image_holder\"><a href=\"https:\/\/jachtymazury.pl\/en\/nexus-870-revo-bolek\/\" title=\"\" target=\"_self\"><img decoding=\"async\" class=\"img-responsive\" src=\"https:\/\/jachtymazury.pl\/wp-content\/uploads\/nexus-870-revo-bolek.jpg\" alt=\"Nexus 870 Revo\" \/><\/a><\/div><div class=\"text-holder\">\n\t<h3 class=\"heading\" >\n\t\t<a href=\"https:\/\/jachtymazury.pl\/en\/nexus-870-revo-bolek\/\" title=\"Nexus 870 Revo Bolek\" target=\"_self\" >\n\t\t\tNexus 870 Revo Bolek\n\t\t<\/a>\n\t<\/h3> <h3><\/h3>\n<\/div><\/article>\n\t\t<\/div>\n\t<\/div>\n\t<\/div>\n\n\t<div class=\"vc_col-sm-6 wpb_column vc_column_container\" >\n\t<div class=\"vc_column-inner\">\n\t\t<div class=\"wpb_wrapper\" >\n\t\t\t<article  class=\"image-content-box content-box box-style-1 left\"><div class=\"featured_image_holder\"><a href=\"https:\/\/jachtymazury.pl\/en\/nexus-870-revo-wiktor\/\" title=\"\" target=\"_self\"><img decoding=\"async\" class=\"img-responsive\" src=\"https:\/\/jachtymazury.pl\/wp-content\/uploads\/nexus-870-revo-burta.jpg\" alt=\"Nexus 870 Revo\" \/><\/a><\/div><div class=\"text-holder\">\n\t<h3 class=\"heading\" >\n\t\t<a href=\"https:\/\/jachtymazury.pl\/en\/nexus-870-revo-wiktor\/\" title=\"Nexus 870 Revo Wiktor\" target=\"_self\" >\n\t\t\tNexus 870 Revo Wiktor\n\t\t<\/a>\n\t<\/h3> <\/div><\/article>\n\t\t<\/div>\n\t<\/div>\n\t<\/div>\n<\/div>\n<\/div>\n\n<div  class=\"content_row row vc_row wpb_row  default-style fullwidth\" >\n\t\n\t<div class=\"content_row_wrapper  default\" >\n\t<div class=\"vc_col-sm-12 wpb_column vc_column_container\" >\n\t<div class=\"vc_column-inner\">\n\t\t<div class=\"wpb_wrapper\" >\n\t\t\t<div class=\"rt_heading_wrapper style-3\">\n\t\t\t\t\t\t<h1 class=\"rt_heading  style-3\" >NEXUS 870 REVO<\/h1> \n\t\t\t\t\t<\/div>\n\t\t<\/div>\n\t<\/div>\n\t<\/div>\n\n<\/div>\n<\/div>\n\n<div  class=\"content_row row vc_row wpb_row  default-style fullwidth\" >\n\t\n\t<div class=\"content_row_wrapper  default\" >\n\t<div class=\"vc_col-sm-12 wpb_column vc_column_container\" >\n\t<div class=\"vc_column-inner\">\n\t\t<div class=\"wpb_wrapper\" >\n\t\t\t\n\t<div class=\"wpb_text_column wpb_content_element\" >\n\t\t<div class=\"wpb_wrapper\">\n\t\t\t<p data-start=\"165\" data-end=\"399\">Nexus 870 Revo to nowoczesny jacht motorowy klasy turystycznej, zaprojektowany z my\u015bl\u0105 o komfortowym i bezpiecznym p\u0142ywaniu rekreacyjnym. Model \u0142\u0105czy przestronne wn\u0119trze z dobr\u0105 stabilno\u015bci\u0105 kursow\u0105 oraz funkcjonalnym uk\u0142adem pok\u0142adu.<\/p>\n<p data-start=\"401\" data-end=\"585\">To jednostka skierowana do os\u00f3b, kt\u00f3re oczekuj\u0105 wygody mieszkalnej, zamykanych kabin oraz pe\u0142nej infrastruktury sanitarnej przy zachowaniu kompaktowych, \u0142atwych do opanowania wymiar\u00f3w.<\/p>\n<p data-start=\"587\" data-end=\"720\">Poni\u017cej znajdziesz szczeg\u00f3\u0142owe informacje: <strong>Nexus 870 Revo dane techniczne, wymiary, wn\u0119trze, koje, ilo\u015b\u0107 os\u00f3b oraz orientacyjn\u0105 cen\u0119.<\/strong><\/p>\n<h2 data-start=\"727\" data-end=\"762\">Nexus 870 Revo &#8211; dane techniczne<\/h2>\n<p data-start=\"764\" data-end=\"795\">Key model parameters:<\/p>\n<p data-start=\"797\" data-end=\"1007\">\u2022 D\u0142ugo\u015b\u0107 ca\u0142kowita: 8,70 m<br data-start=\"824\" data-end=\"827\" \/>\u2022 Szeroko\u015b\u0107 kad\u0142uba: 2,90 m<br data-start=\"854\" data-end=\"857\" \/>\u2022 Zanurzenie: 0,40 m<br data-start=\"877\" data-end=\"880\" \/>\u2022 Moc silnika: 25\u2013115 KM<br data-start=\"904\" data-end=\"907\" \/>\u2022 Liczba koi: 4 + 2<br data-start=\"926\" data-end=\"929\" \/>\u2022 Wysoko\u015b\u0107 wn\u0119trza: 1,97 m<br data-start=\"955\" data-end=\"958\" \/>\u2022 Masa: ok. 2400 kg<\/p>\n<p data-start=\"1009\" data-end=\"1211\">Te dane techniczne sprawiaj\u0105, \u017ce Nexus 870 Revo jest jednostk\u0105 stabiln\u0105, odpowiedni\u0105 do p\u0142ywania po wodach \u015br\u00f3dl\u0105dowych oraz przybrze\u017cnych. Niewielkie zanurzenie u\u0142atwia korzystanie z p\u0142ytszych akwen\u00f3w.<\/p>\n<h2 data-start=\"1218\" data-end=\"1267\">Nexus 870 Revo &#8211; wymiary i przestrze\u0144 u\u017cytkowa<\/h2>\n<p data-start=\"1269\" data-end=\"1447\">Pod wzgl\u0119dem proporcji Nexus 870 Revo wymiary ma bardzo dobrze zoptymalizowane. Szeroko\u015b\u0107 2,90 m przek\u0142ada si\u0119 na wyra\u017anie wi\u0119ksz\u0105 przestrze\u0144 pod pok\u0142adem oraz komfortowy kokpit.<\/p>\n<p data-start=\"1449\" data-end=\"1598\">D\u0142ugo\u015b\u0107 8,7 metra zapewnia dobr\u0105 stabilno\u015b\u0107 kursow\u0105 i komfort przy zachowaniu stosunkowo \u0142atwego manewrowania w portach.<\/p>\n<h2 data-start=\"1605\" data-end=\"1648\">Nexus 870 Revo &#8211; wn\u0119trze i \u015brodek jachtu<\/h2>\n<p data-start=\"1650\" data-end=\"1764\">Nexus 870 Revo wn\u0119trze zosta\u0142o zaprojektowane z my\u015bl\u0105 o kilkuosobowej za\u0142odze. W standardowym uk\u0142adzie znajdziemy:<\/p>\n<p data-start=\"1766\" data-end=\"1954\">\u2022 zamykan\u0105 kabin\u0119 dziobow\u0105 z dwuosobow\u0105 koj\u0105,<br data-start=\"1811\" data-end=\"1814\" \/>\u2022 drug\u0105 zamykan\u0105 lub otwart\u0105 kabin\u0119 rufow\u0105,<br data-start=\"1838\" data-end=\"1841\" \/>\u2022 mes\u0119 z mo\u017cliwo\u015bci\u0105 dodatkowych miejsc do spania dla dw\u00f3ch os\u00f3b,<br data-start=\"1891\" data-end=\"1894\" \/>\u2022 aneks kuchenny (kambuz),<br data-start=\"1920\" data-end=\"1923\" \/>\u2022 \u0142azienk\u0119 z WC i bardzo cz\u0119sto prysznicem.<\/p>\n<p data-start=\"1956\" data-end=\"2118\">Wysoko\u015b\u0107 wn\u0119trza 1,97 m pozwala wi\u0119kszo\u015bci doros\u0142ych os\u00f3b swobodnie porusza\u0107 si\u0119 pod pok\u0142adem. Uk\u0142ad zapewnia komfort podczas kr\u00f3szych i d\u0142u\u017cszych rejs\u00f3w.<\/p>\n<h2 data-start=\"2125\" data-end=\"2174\">Nexus 870 Revo &#8211; koje i ile os\u00f3b na pok\u0142adzie?<\/h2>\n<p data-start=\"2176\" data-end=\"2253\">Jedno z najcz\u0119\u015bciej zadawanych pyta\u0144 brzmi: Nexus 870 Revo ile os\u00f3b pomie\u015bci?<\/p>\n<p data-start=\"2255\" data-end=\"2364\">Model oferuje komfortowe miejsca do spania dla 4 os\u00f3b z mo\u017cliwo\u015bci\u0105 zwi\u0119kszenia za\u0142ogi do maksymalnie 6 os\u00f3b.<\/p>\n<p data-start=\"2366\" data-end=\"2385\">Berths arrangement:<\/p>\n<p data-start=\"2387\" data-end=\"2485\">\u2022 2 miejsca w kabinie dziobowej,<br data-start=\"2419\" data-end=\"2422\" \/>\u2022 2 miejsca w drugiej kabinie rufowej,<br data-start=\"2452\" data-end=\"2455\" \/>\u2022 2 dodatkowe miejsca w mesie.<\/p>\n<p data-start=\"2487\" data-end=\"2529\">Najwi\u0119kszy komfort zapewnia za\u0142oga 4-5 os\u00f3b.<\/p>\n<h2 data-start=\"2536\" data-end=\"2563\">Nexus 870 Revo &#8211; czarter<\/h2>\n<p data-start=\"2565\" data-end=\"2772\">Nexus 870 Revo czarter to propozycja dla os\u00f3b poszukuj\u0105cych komfortowego jachtu motorowego \u015bredniej wielko\u015bci. Model sprawdza si\u0119 podczas rodzinnych rejs\u00f3w oraz spokojnego przemieszczania si\u0119 mi\u0119dzy portami.<\/p>\n<p data-start=\"2774\" data-end=\"2886\">Dzi\u0119ki szeroko\u015bci kad\u0142uba i stabilnej konstrukcji jednostka zapewnia przewidywalne prowadzenie i bezpiecze\u0144stwo. Jest to najcz\u0119\u015bciej wybierany jacht na pierwszy rejs, czarter rodzinny lub po prostu spokojny relaks na wodzie bez po\u015bpiechu.<\/p>\n<h2 data-start=\"2893\" data-end=\"2917\">Nexus 870 Revo &#8211; cena<\/h2>\n<p data-start=\"2919\" data-end=\"3003\">Cena czarteru uzale\u017cniona jest od sezonu, standardu wyposa\u017cenia oraz d\u0142ugo\u015bci rejsu. Nexus 870 Revo mie\u015bci si\u0119 w \u015bredniej p\u00f3\u0142ce cenowej.<\/p>\n<p data-start=\"3005\" data-end=\"3254\">W sezonie wysokim stawki s\u0105 wyra\u017anie wy\u017csze ni\u017c w okresach przed i posezonowych. Pe\u0142en cennik jednostek Nexus 870 Revo dost\u0119pnych w naszej flocie znajduje si\u0119 w zak\u0142adce<a href=\"https:\/\/jachtymazury.pl\/en\/cennik\/\"> cennik<\/a>. Przy d\u0142u\u017cszych lub kr\u00f3tszych czarterach ceny ustalane s\u0105 indywidualnie.<\/p>\n<h2 data-start=\"3261\" data-end=\"3298\">Czy Nexus 870 Revo to dobry wyb\u00f3r?<\/h2>\n<p data-start=\"3300\" data-end=\"3332\">Je\u015bli szukasz jachtu motorowego:<\/p>\n<p data-start=\"3334\" data-end=\"3534\">\u2022 komfortowego dla 4\u20136 os\u00f3b,<br data-start=\"3362\" data-end=\"3365\" \/>\u2022 z dwiema zamykanymi kabinami,<br data-start=\"3396\" data-end=\"3399\" \/>\u2022 z pe\u0142n\u0105 \u0142azienk\u0105 i prysznicem,<br data-start=\"3431\" data-end=\"3434\" \/>\u2022 o stabilnej konstrukcji i niewielkim zanurzeniu,<br data-start=\"3484\" data-end=\"3487\" \/>\u2022 odpowiedniego na pierwszy lub rodzinny rejs po Mazurach,<\/p>\n<p data-start=\"3536\" data-end=\"3592\">Nexus 870 Revo b\u0119dzie bardzo dobr\u0105 i funkcjonaln\u0105 opcj\u0105.<\/p>\n<p data-start=\"3594\" data-end=\"3678\" data-is-last-node=\"\" data-is-only-node=\"\">To model, kt\u00f3ry \u0142\u0105czy wygod\u0119 mieszkaln\u0105 z bezpiecznym i przewidywalnym prowadzeniem.<\/p>\n\n\t\t<\/div>\n\t<\/div>\n\n\t\t<\/div>\n\t<\/div>\n\t<\/div>\n\n<\/div>\n<\/div>","protected":false},"excerpt":{"rendered":"<p>&#8230; <a class=\"more-link\" href=\"https:\/\/jachtymazury.pl\/en\/czarter-jachtow-motorowych\/nexus-870-revo\/\">Continue reading<\/a><\/p>","protected":false},"author":1,"featured_media":15999,"parent":3226,"menu_order":0,"comment_status":"closed","ping_status":"closed","template":"","meta":{"_acf_changed":false,"_seopress_robots_primary_cat":"","_seopress_titles_title":"Nexus 870 Revo - dane techniczne, wn\u0119trze, cena","_seopress_titles_desc":"Nexus 870 Revo - dane techniczne, wymiary, wn\u0119trze, koje i maksymalna liczba os\u00f3b. Sprawd\u017a parametry modelu oraz dost\u0119pne jednostki.","_seopress_robots_index":"","footnotes":""},"class_list":["post-38892","page","type-page","status-publish","has-post-thumbnail","hentry"],"acf":[],"_links":{"self":[{"href":"https:\/\/jachtymazury.pl\/en\/wp-json\/wp\/v2\/pages\/38892","targetHints":{"allow":["GET"]}}],"collection":[{"href":"https:\/\/jachtymazury.pl\/en\/wp-json\/wp\/v2\/pages"}],"about":[{"href":"https:\/\/jachtymazury.pl\/en\/wp-json\/wp\/v2\/types\/page"}],"author":[{"embeddable":true,"href":"https:\/\/jachtymazury.pl\/en\/wp-json\/wp\/v2\/users\/1"}],"replies":[{"embeddable":true,"href":"https:\/\/jachtymazury.pl\/en\/wp-json\/wp\/v2\/comments?post=38892"}],"version-history":[{"count":2,"href":"https:\/\/jachtymazury.pl\/en\/wp-json\/wp\/v2\/pages\/38892\/revisions"}],"predecessor-version":[{"id":38896,"href":"https:\/\/jachtymazury.pl\/en\/wp-json\/wp\/v2\/pages\/38892\/revisions\/38896"}],"up":[{"embeddable":true,"href":"https:\/\/jachtymazury.pl\/en\/wp-json\/wp\/v2\/pages\/3226"}],"wp:featuredmedia":[{"embeddable":true,"href":"https:\/\/jachtymazury.pl\/en\/wp-json\/wp\/v2\/media\/15999"}],"wp:attachment":[{"href":"https:\/\/jachtymazury.pl\/en\/wp-json\/wp\/v2\/media?parent=38892"}],"curies":[{"name":"wp","href":"https:\/\/api.w.org\/{rel}","templated":true}]}}