{"id":5611,"date":"2019-03-03T23:18:53","date_gmt":"2019-03-03T23:18:53","guid":{"rendered":"https:\/\/jachtymazury.pl\/?page_id=5611"},"modified":"2026-02-09T17:54:56","modified_gmt":"2026-02-09T15:54:56","slug":"czarter-bez-patentu","status":"publish","type":"page","link":"https:\/\/jachtymazury.pl\/en\/czarter-bez-patentu\/","title":{"rendered":"Czarter bez patentu"},"content":{"rendered":"<div  class=\"content_row row vc_row wpb_row  default-style fullwidth rt-flex-wrapper min-height-row align-columns column-align-middle rt-flex-wrapper\" style=\"min-height:150px;background-color: #f7f7f7;\">\n\t\n\t<div class=\"content_row_wrapper align-contents content-align-middle fullwidth\" style=\"padding-left:30px;padding-right:30px;\">\n\t<div class=\"vc_col-sm-12 wpb_column vc_column_container default-style custom-min-height shadow\"  data-custom-min-height=\"100\">\n\t<div class=\"vc_column-inner\" style=\"padding-top:20px;min-height:100px;\">\n\t\t<div class=\"wpb_wrapper\" >\n\t\t\t<div class=\"rt_heading_wrapper style-4\">\n\t\t\t\t\t\t<h1 class=\"rt_heading  style-4\" >NO LICENSE CHARTER<\/h1> \n\t\t\t\t\t<\/div>\n\t\t<\/div>\n\t<\/div>\n\t<\/div>\n\n<\/div>\n<\/div>\n\n<div  class=\"content_row row vc_row wpb_row  default-style fullwidth\" >\n\t\n\t<div class=\"content_row_wrapper  fullwidth\" style=\"padding-left:25px;padding-right:25px;\">\n\t<div class=\"vc_col-sm-12 wpb_column vc_column_container nopadding\" >\n\t<div class=\"vc_column-inner\">\n\t\t<div class=\"wpb_wrapper\" >\n\t\t\t<div class=\"vc_empty_space\"   style=\"height: 32px\"><span class=\"vc_empty_space_inner\"><\/span><\/div>\n\t<div class=\"wpb_text_column wpb_content_element\" >\n\t\t<div class=\"wpb_wrapper\">\n\t\t\t<p data-start=\"428\" data-end=\"830\" class=\"translation-block\"><strong data-start=\"\u2018428\u2019\" data-end=\"\u2018471\u2019\">Yacht charter without a licence in Masuria<\/strong> is an offer for people who want to relax on the water without having to obtain a licence. We offer <strong data-start=\"\u2018571\u2019\" data-end=\"\u2018606\u2019\">motor yachts and houseboats<\/strong> that can be operated legally and safely without a motorboat licence. These are comfortable, easy-to-use vessels, designed for both beginners and those who already have some experience on the water.<\/p>\n<p data-start=\"832\" data-end=\"1159\" class=\"translation-block\"><strong data-start=\"\u2018832\u2019\" data-end=\"\u2018861\u2019\">Boat rental without a licence<\/strong> is possible for vessels with an engine power of up to 75 kW, a hull length of up to 13 metres and a design speed limited to 15 km\/h. This makes <strong data-start=\"\u20181019\u2019\" data-end=\"\u20181063\u2019\">yacht charter without a licence in Masuria<\/strong> available to a wide range of customers \u2013 even without prior training or a licence.<\/p>\n<p data-start=\"1161\" data-end=\"1512\" class=\"translation-block\">Before setting sail, we provide training on how to operate the vessel and safety rules, allowing you to start your charter with peace of mind and comfortably navigate the Great Masurian Lakes. Houseboats and motorboats without a licence are a convenient form of recreation in Masuria, especially appreciated by families and those looking for a peaceful cruise.<\/p>\n<p>&nbsp;<\/p>\n\n\t\t<\/div>\n\t<\/div>\n\n<div id=\"portfolio-dynamicID-265000\" class=\"portfolio_list rt-gallery fixed_heights clearfix grid-gallery\" data-column-width=\"4\">\n<div class=\"row fixed_heights clearfix\">\n<div class=\"col col-sm-3   czarter-bez-patentu 3-6-osobowe-motorowe czarter-jachty-motorowe\">\n \n\n<!-- portfolio box-->\n<div class=\"loop style-1 global-style image post-15188 portfolio type-portfolio status-publish has-post-thumbnail hentry portfolio_categories-czarter-bez-patentu portfolio_categories-3-6-osobowe-motorowe portfolio_categories-czarter-jachty-motorowe\" id=\"portfolio-15188\">\n\n\t \n\t\t\t\t<figure class=\"image-thumbnail\">\n\t\t\t\t\t<a href=\"https:\/\/jachtymazury.pl\/en\/calipso-750-2\/\" target=\"_self\" title=\"Calipso 750 &#8222;Fire Cruiser&#8221;\"><img decoding=\"async\" src=\"https:\/\/jachtymazury.pl\/wp-content\/uploads\/calipso-750-4-480x459.jpg\" alt=\"Calipso 750\" class=\"\" \/><\/a>\n\t\t\t\t<\/figure>\n\n\t\t\t\t<section class=\"text\">\n\t\t\t\t\t<h5 class=\"title\"><a href=\"https:\/\/jachtymazury.pl\/en\/calipso-750-2\/\" target=\"_self\" rel=\"bookmark\">Calipso 750 &#8222;Fire Cruiser&#8221;<\/a><\/h5>\n\t\t\t\t\t\n\t\t\t\t\t\t\n\t\t\t\t\t<a class=\"read_more\" href=\"https:\/\/jachtymazury.pl\/en\/calipso-750-2\/\" target=\"_self\" rel=\"bookmark\">read more<\/a>\t\n\t\t\t\t<\/section>  \n\t\t\t\n<\/div> \n<!-- \/ portfolio box-->\n<\/div>\n<div class=\"col col-sm-3   czarter-bez-patentu 6-9-osobowe-motorowe czarter-jachty-motorowe\">\n \n\n<!-- portfolio box-->\n<div class=\"loop style-1 global-style image post-3865 portfolio type-portfolio status-publish has-post-thumbnail hentry portfolio_categories-czarter-bez-patentu portfolio_categories-6-9-osobowe-motorowe portfolio_categories-czarter-jachty-motorowe\" id=\"portfolio-3865\">\n\n\t \n\t\t\t\t<figure class=\"image-thumbnail\">\n\t\t\t\t\t<a href=\"https:\/\/jachtymazury.pl\/en\/futura-860\/\" target=\"_self\" title=\"Futura 860 &#8222;Eufemia&#8221;\"><img decoding=\"async\" src=\"https:\/\/jachtymazury.pl\/wp-content\/uploads\/futura860-480x360.jpg\" alt=\"Futura 860\" class=\"\" \/><\/a>\n\t\t\t\t<\/figure>\n\n\t\t\t\t<section class=\"text\">\n\t\t\t\t\t<h5 class=\"title\"><a href=\"https:\/\/jachtymazury.pl\/en\/futura-860\/\" target=\"_self\" rel=\"bookmark\">Futura 860 &#8222;Eufemia&#8221;<\/a><\/h5>\n\t\t\t\t\t\n\t\t\t\t\t\t\n\t\t\t\t\t<a class=\"read_more\" href=\"https:\/\/jachtymazury.pl\/en\/futura-860\/\" target=\"_self\" rel=\"bookmark\">read more<\/a>\t\n\t\t\t\t<\/section>  \n\t\t\t\n<\/div> \n<!-- \/ portfolio box-->\n<\/div>\n<div class=\"col col-sm-3   czarter-bez-patentu 3-6-osobowe-motorowe czarter-jachty-motorowe\">\n \n\n<!-- portfolio box-->\n<div class=\"loop style-1 global-style image post-16300 portfolio type-portfolio status-publish has-post-thumbnail hentry portfolio_categories-czarter-bez-patentu portfolio_categories-3-6-osobowe-motorowe portfolio_categories-czarter-jachty-motorowe\" id=\"portfolio-16300\">\n\n\t \n\t\t\t\t<figure class=\"image-thumbnail\">\n\t\t\t\t\t<a href=\"https:\/\/jachtymazury.pl\/en\/nautic-880-cuba-libre\/\" target=\"_self\" title=\"Nautic 880 \u201eCuba Libre\u201d\"><img decoding=\"async\" src=\"https:\/\/jachtymazury.pl\/wp-content\/uploads\/nautic-880-rufa.1-1-480x360.jpg\" alt=\"nautic 880\" class=\"\" \/><\/a>\n\t\t\t\t<\/figure>\n\n\t\t\t\t<section class=\"text\">\n\t\t\t\t\t<h5 class=\"title\"><a href=\"https:\/\/jachtymazury.pl\/en\/nautic-880-cuba-libre\/\" target=\"_self\" rel=\"bookmark\">Nautic 880 \u201eCuba Libre\u201d<\/a><\/h5>\n\t\t\t\t\t\n\t\t\t\t\t\t\n\t\t\t\t\t<a class=\"read_more\" href=\"https:\/\/jachtymazury.pl\/en\/nautic-880-cuba-libre\/\" target=\"_self\" rel=\"bookmark\">read more<\/a>\t\n\t\t\t\t<\/section>  \n\t\t\t\n<\/div> \n<!-- \/ portfolio box-->\n<\/div>\n<div class=\"col col-sm-3   czarter-bez-patentu 3-6-osobowe-motorowe czarter-jachty-motorowe\">\n \n\n<!-- portfolio box-->\n<div class=\"loop style-1 global-style image post-15690 portfolio type-portfolio status-publish has-post-thumbnail hentry portfolio_categories-czarter-bez-patentu portfolio_categories-3-6-osobowe-motorowe portfolio_categories-czarter-jachty-motorowe\" id=\"portfolio-15690\">\n\n\t \n\t\t\t\t<figure class=\"image-thumbnail\">\n\t\t\t\t\t<a href=\"https:\/\/jachtymazury.pl\/en\/nautic-880\/\" target=\"_self\" title=\"Nautic 880 \u201eMojito\u201d\"><img decoding=\"async\" src=\"https:\/\/jachtymazury.pl\/wp-content\/uploads\/nautic880-480x360.jpg\" alt=\"Nautic 880\" class=\"\" \/><\/a>\n\t\t\t\t<\/figure>\n\n\t\t\t\t<section class=\"text\">\n\t\t\t\t\t<h5 class=\"title\"><a href=\"https:\/\/jachtymazury.pl\/en\/nautic-880\/\" target=\"_self\" rel=\"bookmark\">Nautic 880 &#8222;Mojito&#8221;<\/a><\/h5>\n\t\t\t\t\t\n\t\t\t\t\t\t\n\t\t\t\t\t<a class=\"read_more\" href=\"https:\/\/jachtymazury.pl\/en\/nautic-880\/\" target=\"_self\" rel=\"bookmark\">read more<\/a>\t\n\t\t\t\t<\/section>  \n\t\t\t\n<\/div> \n<!-- \/ portfolio box-->\n<\/div>\n<\/div>\n<div class=\"row fixed_heights clearfix\">\n<div class=\"col col-sm-3   czarter-bez-patentu 6-9-osobowe-motorowe czarter-jachty-motorowe\">\n \n\n<!-- portfolio box-->\n<div class=\"loop style-1 global-style image post-3323 portfolio type-portfolio status-publish has-post-thumbnail hentry portfolio_categories-czarter-bez-patentu portfolio_categories-6-9-osobowe-motorowe portfolio_categories-czarter-jachty-motorowe\" id=\"portfolio-3323\">\n\n\t \n\t\t\t\t<figure class=\"image-thumbnail\">\n\t\t\t\t\t<a href=\"https:\/\/jachtymazury.pl\/en\/nautiner-38\/\" target=\"_self\" title=\"Nautiner 38 &#8222;Blask Stilo&#8221;\"><img decoding=\"async\" src=\"https:\/\/jachtymazury.pl\/wp-content\/uploads\/nautiner-38-burta-480x310.jpg\" alt=\"Nautiner 38\" class=\"\" \/><\/a>\n\t\t\t\t<\/figure>\n\n\t\t\t\t<section class=\"text\">\n\t\t\t\t\t<h5 class=\"title\"><a href=\"https:\/\/jachtymazury.pl\/en\/nautiner-38\/\" target=\"_self\" rel=\"bookmark\">Nautiner 38 &#8222;Blask Stilo&#8221;<\/a><\/h5>\n\t\t\t\t\t\n\t\t\t\t\t\t\n\t\t\t\t\t<a class=\"read_more\" href=\"https:\/\/jachtymazury.pl\/en\/nautiner-38\/\" target=\"_self\" rel=\"bookmark\">read more<\/a>\t\n\t\t\t\t<\/section>  \n\t\t\t\n<\/div> \n<!-- \/ portfolio box-->\n<\/div>\n<div class=\"col col-sm-3   czarter-bez-patentu 3-6-osobowe-motorowe czarter-jachty-motorowe\">\n \n\n<!-- portfolio box-->\n<div class=\"loop style-1 global-style image post-9850 portfolio type-portfolio status-publish has-post-thumbnail hentry portfolio_categories-czarter-bez-patentu portfolio_categories-3-6-osobowe-motorowe portfolio_categories-czarter-jachty-motorowe\" id=\"portfolio-9850\">\n\n\t \n\t\t\t\t<figure class=\"image-thumbnail\">\n\t\t\t\t\t<a href=\"https:\/\/jachtymazury.pl\/en\/nexus-870-revo-bolek\/\" target=\"_self\" title=\"Nexus 870 Revo &#8222;Bolek&#8221;\"><img decoding=\"async\" src=\"https:\/\/jachtymazury.pl\/wp-content\/uploads\/nexus-870-revo-bolek-480x360.jpg\" alt=\"Nexus 870 Revo\" class=\"\" \/><\/a>\n\t\t\t\t<\/figure>\n\n\t\t\t\t<section class=\"text\">\n\t\t\t\t\t<h5 class=\"title\"><a href=\"https:\/\/jachtymazury.pl\/en\/nexus-870-revo-bolek\/\" target=\"_self\" rel=\"bookmark\">Nexus 870 Revo &#8222;Bolek&#8221;<\/a><\/h5>\n\t\t\t\t\t\n\t\t\t\t\t\t\n\t\t\t\t\t<a class=\"read_more\" href=\"https:\/\/jachtymazury.pl\/en\/nexus-870-revo-bolek\/\" target=\"_self\" rel=\"bookmark\">read more<\/a>\t\n\t\t\t\t<\/section>  \n\t\t\t\n<\/div> \n<!-- \/ portfolio box-->\n<\/div>\n<div class=\"col col-sm-3   czarter-bez-patentu 3-6-osobowe-motorowe czarter-jachty-motorowe\">\n \n\n<!-- portfolio box-->\n<div class=\"loop style-1 global-style image post-14692 portfolio type-portfolio status-publish has-post-thumbnail hentry portfolio_categories-czarter-bez-patentu portfolio_categories-3-6-osobowe-motorowe portfolio_categories-czarter-jachty-motorowe\" id=\"portfolio-14692\">\n\n\t \n\t\t\t\t<figure class=\"image-thumbnail\">\n\t\t\t\t\t<a href=\"https:\/\/jachtymazury.pl\/en\/nexus-870-revo-wiktor\/\" target=\"_self\" title=\"Nexus 870 Revo \u201eWiktor\u201d\"><img decoding=\"async\" src=\"https:\/\/jachtymazury.pl\/wp-content\/uploads\/nexus-870-revo-burta-480x400.jpg\" alt=\"Nexus 870 Revo\" class=\"\" \/><\/a>\n\t\t\t\t<\/figure>\n\n\t\t\t\t<section class=\"text\">\n\t\t\t\t\t<h5 class=\"title\"><a href=\"https:\/\/jachtymazury.pl\/en\/nexus-870-revo-wiktor\/\" target=\"_self\" rel=\"bookmark\">Nexus 870 Revo \u201eWiktor\u201d<\/a><\/h5>\n\t\t\t\t\t\n\t\t\t\t\t\t\n\t\t\t\t\t<a class=\"read_more\" href=\"https:\/\/jachtymazury.pl\/en\/nexus-870-revo-wiktor\/\" target=\"_self\" rel=\"bookmark\">read more<\/a>\t\n\t\t\t\t<\/section>  \n\t\t\t\n<\/div> \n<!-- \/ portfolio box-->\n<\/div>\n<\/div>\n<\/div>\n<div class=\"vc_empty_space\"   style=\"height: 20px\"><span class=\"vc_empty_space_inner\"><\/span><\/div>\n\t\t<\/div>\n\t<\/div>\n\t<\/div>\n\n<\/div>\n<\/div>\n\n<div  class=\"content_row row vc_row wpb_row  alt-style-1 fullwidth fixed_heights rt-flex-wrapper rt-flex-wrapper\" >\n\t\n\t<div class=\"content_row_wrapper align-contents content-align-middle default\" ><div class=\"vc_col-sm-8 wpb_column vc_column_container\" >\n\t<div class=\"vc_column-inner\" style=\"padding-top:20px;padding-bottom:20px;\">\n\t\t<div class=\"wpb_wrapper\" >\n\t\t\t<div class=\"rt_heading_wrapper no-style\">\n\t\t\t\t\t\t<h6 class=\"rt_heading  no-style\"  style=\"font-size:24px;line-height:24px;margin-bottom:0px;\">DO YOU HAVE ANY QUESTIONS ABOUT OUR OFFER? <\/h6> \n\t\t\t\t\t<\/div>\n\t\t<\/div>\n\t<\/div>\n\t<\/div>\n\n\t<div class=\"vc_col-sm-4 wpb_column vc_column_container\" >\n\t<div class=\"vc_column-inner\" style=\"padding-top:20px;padding-bottom:20px;\">\n\t\t<div class=\"wpb_wrapper\" >\n\t\t\t<div class=\"button_wrapper align hero\"><a  href=\"https:\/\/jachtymazury.pl\/en\/kontakt\/\" target=\"_blank\" title=\"houseboats mazury\" class=\"button_ bialy style-3 hero\"><span class=\"icon-help-circled\"><\/span>CONTACT US<\/a><\/div>\n\t\t<\/div>\n\t<\/div>\n\t<\/div>\n<\/div>\n<\/div>","protected":false},"excerpt":{"rendered":"<p>&#8230; <a class=\"more-link\" href=\"https:\/\/jachtymazury.pl\/en\/nexus-870-revo-wiktor\/\">Continue reading<\/a><\/p>","protected":false},"author":1,"featured_media":0,"parent":0,"menu_order":0,"comment_status":"closed","ping_status":"closed","template":"","meta":{"_acf_changed":false,"_seopress_robots_primary_cat":"","_seopress_titles_title":"Czarter jacht\u00f3w bez patentu na Mazurach","_seopress_titles_desc":"Czarter jacht\u00f3w bez patentu na Mazurach. Houseboaty i \u0142odzie motorowe, szkolenie przed rejsem i komfortowy wypoczynek na wodzie.","_seopress_robots_index":"","footnotes":""},"class_list":["post-5611","page","type-page","status-publish","hentry"],"acf":[],"_links":{"self":[{"href":"https:\/\/jachtymazury.pl\/en\/wp-json\/wp\/v2\/pages\/5611","targetHints":{"allow":["GET"]}}],"collection":[{"href":"https:\/\/jachtymazury.pl\/en\/wp-json\/wp\/v2\/pages"}],"about":[{"href":"https:\/\/jachtymazury.pl\/en\/wp-json\/wp\/v2\/types\/page"}],"author":[{"embeddable":true,"href":"https:\/\/jachtymazury.pl\/en\/wp-json\/wp\/v2\/users\/1"}],"replies":[{"embeddable":true,"href":"https:\/\/jachtymazury.pl\/en\/wp-json\/wp\/v2\/comments?post=5611"}],"version-history":[{"count":6,"href":"https:\/\/jachtymazury.pl\/en\/wp-json\/wp\/v2\/pages\/5611\/revisions"}],"predecessor-version":[{"id":35945,"href":"https:\/\/jachtymazury.pl\/en\/wp-json\/wp\/v2\/pages\/5611\/revisions\/35945"}],"wp:attachment":[{"href":"https:\/\/jachtymazury.pl\/en\/wp-json\/wp\/v2\/media?parent=5611"}],"curies":[{"name":"wp","href":"https:\/\/api.w.org\/{rel}","templated":true}]}}